{"id":880,"date":"2016-04-15T17:27:07","date_gmt":"2016-04-15T15:27:07","guid":{"rendered":"http:\/\/einbruch-sicher.com\/schutznetze\/?page_id=880"},"modified":"2016-04-29T14:10:11","modified_gmt":"2016-04-29T12:10:11","slug":"home","status":"publish","type":"page","link":"https:\/\/einbruch-sicher.com\/schutznetze\/","title":{"rendered":"Schutznetze"},"content":{"rendered":"<p>Bei Nutznetze finden Sie alles rund um den Schutz vor <span class=\"wp-glossary wpg-tooltip\" data-termid=\"178\" data-content=\"excerpt\" data-qtipstyle=\"cream\"><a href=\"https:\/\/einbruch-sicher.com\/schutznetze\/glossary\/tauben\/\"  title=\"Tauben\">Tauben<\/a><\/span>, <span class=\"wp-glossary wpg-tooltip\" data-termid=\"267\" data-content=\"excerpt\" data-qtipstyle=\"cream\"><a href=\"https:\/\/einbruch-sicher.com\/schutznetze\/glossary\/schwalben\/\"  title=\"Schwalben\">Schwalben<\/a><\/span>, <span class=\"wp-glossary wpg-tooltip\" data-termid=\"266\" data-content=\"excerpt\" data-qtipstyle=\"cream\"><a href=\"https:\/\/einbruch-sicher.com\/schutznetze\/glossary\/spechte\/\"  title=\"Spechte\">Spechte<\/a><\/span>, <span class=\"wp-glossary wpg-tooltip\" data-termid=\"61\" data-content=\"excerpt\" data-qtipstyle=\"cream\"><a href=\"https:\/\/einbruch-sicher.com\/schutznetze\/glossary\/marder\/\"  title=\"Marder\">Marder<\/a><\/span>, Katzen, <span class=\"wp-glossary wpg-tooltip\" data-termid=\"264\" data-content=\"excerpt\" data-qtipstyle=\"cream\"><a href=\"https:\/\/einbruch-sicher.com\/schutznetze\/glossary\/hausmaeuse\/\"  title=\"Hausm\u00e4use\">Hausm\u00e4use<\/a><\/span>, <span class=\"wp-glossary wpg-tooltip\" data-termid=\"263\" data-content=\"excerpt\" data-qtipstyle=\"cream\"><a href=\"https:\/\/einbruch-sicher.com\/schutznetze\/glossary\/wanderratten\/\"  title=\"Wanderratten\">Wanderratten<\/a><\/span>\u00a0und sonst allem, was nicht rein oder raus sollte!<\/p>\n<p>Tratition verbindet &#8211; Deshalb hat\u00a0Nutznetze die jahrelange Erfahrung unseres Herstellers mit unserem Know-how geb\u00fcndelt, um Ihnen die beste Mischung aus Qualit\u00e4t und Quantit\u00e4t bieten zu k\u00f6nnen!<\/p>\n<h3>&#8211; 5 Jahre Garantie &#8211;<\/h3>\n<p>In unserem Bereich &#8222;<a title=\"Nutznetze - Kostenvoranschlag \" href=\"http:\/\/nutznetze.de\/angebot-anfordern\/\">Kostenvoranschlag<\/a>&#8220; k\u00f6nnen Sie selber schnell Ihren Preis berechnen!<br \/>\nLassen Sie sich von uns \u00fcberzeugen! G\u00fcnstiger geht\u00b4s immer!<\/p>\n<div id=\"attachment_94\" style=\"width: 220px\" class=\"wp-caption alignleft\"><img aria-describedby=\"caption-attachment-94\" decoding=\"async\" loading=\"lazy\" class=\"wp-image-94 size-full\" src=\"http:\/\/einbruch-sicher.com\/schutznetze\/wp-content\/uploads\/sites\/7\/2013\/11\/winflip_pic.jpg\" alt=\"winflip_pic\" width=\"210\" height=\"210\" srcset=\"https:\/\/einbruch-sicher.com\/schutznetze\/wp-content\/uploads\/sites\/7\/2013\/11\/winflip_pic.jpg 210w, https:\/\/einbruch-sicher.com\/schutznetze\/wp-content\/uploads\/sites\/7\/2013\/11\/winflip_pic-150x150.jpg 150w, https:\/\/einbruch-sicher.com\/schutznetze\/wp-content\/uploads\/sites\/7\/2013\/11\/winflip_pic-71x71.jpg 71w, https:\/\/einbruch-sicher.com\/schutznetze\/wp-content\/uploads\/sites\/7\/2013\/11\/winflip_pic-36x36.jpg 36w\" sizes=\"(max-width: 210px) 100vw, 210px\" \/><p id=\"caption-attachment-94\" class=\"wp-caption-text\">WINFLIP<\/p><\/div>\n<h3>Jetzt NEU im Programm:<\/h3>\n<p><a href=\"http:\/\/www.cleverlueften.com\/\" target=\"new\">WINFLIP<\/a><span style=\"color: #ff0000;\"> &#8211; Frische Luft mit nur einem Zug &#8211; <span style=\"text-decoration: underline;\">ohne Strom!<\/span><\/span><\/p>\n","protected":false},"excerpt":{"rendered":"<p>Bei Nutznetze finden Sie alles rund um den Schutz vor , , , , Katzen, , \u00a0und sonst allem, was nicht rein oder raus sollte!<br \/>\nTratition verbindet &#8211; Deshalb hat\u00a0Nutznetze die jahrelange Erfahrung unseres Herstellers mit unserem Know-how geb\u00fcndelt, um Ihnen die beste Mischung aus Qualit\u00e4t und Quantit\u00e4t bieten zu k\u00f6nnen!<br \/>\n&#8211; 5 Jahre Garantie &#8211;<br \/>\nIn unserem Bereich &#8222;Kostenvoranschlag&#8220; k\u00f6nnen Sie selber schnell Ihren Preis berechnen!<br \/>\nLassen Sie sich von uns \u00fcberzeugen! G\u00fcnstiger geht\u00b4s immer!<br \/>\nJetzt NEU im Programm:<br ...\n<\/p>\n","protected":false},"author":1,"featured_media":0,"parent":0,"menu_order":0,"comment_status":"closed","ping_status":"closed","template":"","meta":[],"yoast_head":"<!-- This site is optimized with the Yoast SEO plugin v20.4 - https:\/\/yoast.com\/wordpress\/plugins\/seo\/ -->\n<title>Schutznetze - Schutznetze<\/title>\n<meta name=\"robots\" content=\"index, follow, max-snippet:-1, max-image-preview:large, max-video-preview:-1\" \/>\n<link rel=\"canonical\" href=\"https:\/\/einbruch-sicher.com\/schutznetze\/\" \/>\n<meta property=\"og:locale\" content=\"de_DE\" \/>\n<meta property=\"og:type\" content=\"article\" \/>\n<meta property=\"og:title\" content=\"Schutznetze - Schutznetze\" \/>\n<meta property=\"og:description\" content=\"Bei Nutznetze finden Sie alles rund um den Schutz vor , , , , Katzen, , \u00a0und sonst allem, was nicht rein oder raus sollte! Tratition verbindet &#8211; Deshalb hat\u00a0Nutznetze die jahrelange Erfahrung unseres Herstellers mit unserem Know-how geb\u00fcndelt, um Ihnen die beste Mischung aus Qualit\u00e4t und Quantit\u00e4t bieten zu k\u00f6nnen! &#8211; 5 Jahre Garantie &#8211; In unserem Bereich &#8222;Kostenvoranschlag&#8220; k\u00f6nnen Sie selber schnell Ihren Preis berechnen! Lassen Sie sich von uns \u00fcberzeugen! G\u00fcnstiger geht\u00b4s immer! Jetzt NEU im Programm:\" \/>\n<meta property=\"og:url\" content=\"https:\/\/einbruch-sicher.com\/schutznetze\/\" \/>\n<meta property=\"og:site_name\" content=\"Schutznetze\" \/>\n<meta property=\"article:modified_time\" content=\"2016-04-29T12:10:11+00:00\" \/>\n<meta property=\"og:image\" content=\"http:\/\/einbruch-sicher.com\/schutznetze\/wp-content\/uploads\/sites\/7\/2013\/11\/winflip_pic.jpg\" \/>\n<meta name=\"twitter:card\" content=\"summary_large_image\" \/>\n<meta name=\"twitter:label1\" content=\"Gesch\u00e4tzte Lesezeit\" \/>\n\t<meta name=\"twitter:data1\" content=\"1\u00a0Minute\" \/>\n<script type=\"application\/ld+json\" class=\"yoast-schema-graph\">{\"@context\":\"https:\/\/schema.org\",\"@graph\":[{\"@type\":\"WebPage\",\"@id\":\"https:\/\/einbruch-sicher.com\/schutznetze\/\",\"url\":\"https:\/\/einbruch-sicher.com\/schutznetze\/\",\"name\":\"Schutznetze - Schutznetze\",\"isPartOf\":{\"@id\":\"https:\/\/einbruch-sicher.com\/schutznetze\/#website\"},\"datePublished\":\"2016-04-15T15:27:07+00:00\",\"dateModified\":\"2016-04-29T12:10:11+00:00\",\"breadcrumb\":{\"@id\":\"https:\/\/einbruch-sicher.com\/schutznetze\/#breadcrumb\"},\"inLanguage\":\"de\",\"potentialAction\":[{\"@type\":\"ReadAction\",\"target\":[\"https:\/\/einbruch-sicher.com\/schutznetze\/\"]}]},{\"@type\":\"BreadcrumbList\",\"@id\":\"https:\/\/einbruch-sicher.com\/schutznetze\/#breadcrumb\",\"itemListElement\":[{\"@type\":\"ListItem\",\"position\":1,\"name\":\"Home\",\"item\":\"https:\/\/einbruch-sicher.com\/schutznetze\/\"},{\"@type\":\"ListItem\",\"position\":2,\"name\":\"Schutznetze\"}]},{\"@type\":\"WebSite\",\"@id\":\"https:\/\/einbruch-sicher.com\/schutznetze\/#website\",\"url\":\"https:\/\/einbruch-sicher.com\/schutznetze\/\",\"name\":\"Schutznetze\",\"description\":\"Sicher vernetzt\",\"potentialAction\":[{\"@type\":\"SearchAction\",\"target\":{\"@type\":\"EntryPoint\",\"urlTemplate\":\"https:\/\/einbruch-sicher.com\/schutznetze\/?s={search_term_string}\"},\"query-input\":\"required name=search_term_string\"}],\"inLanguage\":\"de\"}]}<\/script>\n<!-- \/ Yoast SEO plugin. -->","yoast_head_json":{"title":"Schutznetze - Schutznetze","robots":{"index":"index","follow":"follow","max-snippet":"max-snippet:-1","max-image-preview":"max-image-preview:large","max-video-preview":"max-video-preview:-1"},"canonical":"https:\/\/einbruch-sicher.com\/schutznetze\/","og_locale":"de_DE","og_type":"article","og_title":"Schutznetze - Schutznetze","og_description":"Bei Nutznetze finden Sie alles rund um den Schutz vor , , , , Katzen, , \u00a0und sonst allem, was nicht rein oder raus sollte! Tratition verbindet &#8211; Deshalb hat\u00a0Nutznetze die jahrelange Erfahrung unseres Herstellers mit unserem Know-how geb\u00fcndelt, um Ihnen die beste Mischung aus Qualit\u00e4t und Quantit\u00e4t bieten zu k\u00f6nnen! &#8211; 5 Jahre Garantie &#8211; In unserem Bereich &#8222;Kostenvoranschlag&#8220; k\u00f6nnen Sie selber schnell Ihren Preis berechnen! Lassen Sie sich von uns \u00fcberzeugen! G\u00fcnstiger geht\u00b4s immer! Jetzt NEU im Programm:","og_url":"https:\/\/einbruch-sicher.com\/schutznetze\/","og_site_name":"Schutznetze","article_modified_time":"2016-04-29T12:10:11+00:00","og_image":[{"url":"http:\/\/einbruch-sicher.com\/schutznetze\/wp-content\/uploads\/sites\/7\/2013\/11\/winflip_pic.jpg"}],"twitter_card":"summary_large_image","twitter_misc":{"Gesch\u00e4tzte Lesezeit":"1\u00a0Minute"},"schema":{"@context":"https:\/\/schema.org","@graph":[{"@type":"WebPage","@id":"https:\/\/einbruch-sicher.com\/schutznetze\/","url":"https:\/\/einbruch-sicher.com\/schutznetze\/","name":"Schutznetze - Schutznetze","isPartOf":{"@id":"https:\/\/einbruch-sicher.com\/schutznetze\/#website"},"datePublished":"2016-04-15T15:27:07+00:00","dateModified":"2016-04-29T12:10:11+00:00","breadcrumb":{"@id":"https:\/\/einbruch-sicher.com\/schutznetze\/#breadcrumb"},"inLanguage":"de","potentialAction":[{"@type":"ReadAction","target":["https:\/\/einbruch-sicher.com\/schutznetze\/"]}]},{"@type":"BreadcrumbList","@id":"https:\/\/einbruch-sicher.com\/schutznetze\/#breadcrumb","itemListElement":[{"@type":"ListItem","position":1,"name":"Home","item":"https:\/\/einbruch-sicher.com\/schutznetze\/"},{"@type":"ListItem","position":2,"name":"Schutznetze"}]},{"@type":"WebSite","@id":"https:\/\/einbruch-sicher.com\/schutznetze\/#website","url":"https:\/\/einbruch-sicher.com\/schutznetze\/","name":"Schutznetze","description":"Sicher vernetzt","potentialAction":[{"@type":"SearchAction","target":{"@type":"EntryPoint","urlTemplate":"https:\/\/einbruch-sicher.com\/schutznetze\/?s={search_term_string}"},"query-input":"required name=search_term_string"}],"inLanguage":"de"}]}},"_links":{"self":[{"href":"https:\/\/einbruch-sicher.com\/schutznetze\/wp-json\/wp\/v2\/pages\/880"}],"collection":[{"href":"https:\/\/einbruch-sicher.com\/schutznetze\/wp-json\/wp\/v2\/pages"}],"about":[{"href":"https:\/\/einbruch-sicher.com\/schutznetze\/wp-json\/wp\/v2\/types\/page"}],"author":[{"embeddable":true,"href":"https:\/\/einbruch-sicher.com\/schutznetze\/wp-json\/wp\/v2\/users\/1"}],"replies":[{"embeddable":true,"href":"https:\/\/einbruch-sicher.com\/schutznetze\/wp-json\/wp\/v2\/comments?post=880"}],"version-history":[{"count":0,"href":"https:\/\/einbruch-sicher.com\/schutznetze\/wp-json\/wp\/v2\/pages\/880\/revisions"}],"wp:attachment":[{"href":"https:\/\/einbruch-sicher.com\/schutznetze\/wp-json\/wp\/v2\/media?parent=880"}],"curies":[{"name":"wp","href":"https:\/\/api.w.org\/{rel}","templated":true}]}}