{"id":106,"date":"2013-11-30T21:00:04","date_gmt":"2013-11-30T21:00:04","guid":{"rendered":"http:\/\/nutznetze.de\/?page_id=106"},"modified":"2013-11-30T21:00:04","modified_gmt":"2013-11-30T21:00:04","slug":"cleverlueften","status":"publish","type":"page","link":"https:\/\/einbruch-sicher.com\/schutznetze\/cleverlueften\/","title":{"rendered":"Winflip"},"content":{"rendered":"<div style=\"width: 30%;float: left;height: 450px\"><a href=\"http:\/\/www.cleverlueften.com\/\" target=\"_blank\"><img decoding=\"async\" loading=\"lazy\" width=\"150\" height=\"150\" class=\"alignleft  wp-image-94\" style=\"border: 0px\" src=\"http:\/\/nutznetze.de\/content\/uploads\/2013\/11\/winflip_pic-150x150.jpg\" alt=\"winflip_pic\" srcset=\"https:\/\/einbruch-sicher.com\/schutznetze\/wp-content\/uploads\/sites\/7\/2013\/11\/winflip_pic-150x150.jpg 150w, https:\/\/einbruch-sicher.com\/schutznetze\/wp-content\/uploads\/sites\/7\/2013\/11\/winflip_pic-71x71.jpg 71w, https:\/\/einbruch-sicher.com\/schutznetze\/wp-content\/uploads\/sites\/7\/2013\/11\/winflip_pic-36x36.jpg 36w, https:\/\/einbruch-sicher.com\/schutznetze\/wp-content\/uploads\/sites\/7\/2013\/11\/winflip_pic.jpg 210w\" sizes=\"(max-width: 150px) 100vw, 150px\" \/><\/a><\/div>\n<div style=\"width: 70%\">&#8211; Komfort und Alltagshilfe f\u00fcr die ganze Familie<br \/>\n&#8211;\u00a0Durchschlafen bei frischer Luft trotz Morgenl\u00e4rm<br \/>\n&#8211;\u00a0Einfaches L\u00fcften in der Nacht bei Pollenallergie<br \/>\n&#8211;\u00a0Nie mehr kalte R\u00e4ume wegen Dauerkippen<br \/>\n&#8211; Einbruchsgefahr effektiv minimieren<br \/>\n&#8211; Schimmelpilze einfach wegl\u00fcften und vermeiden<br \/>\n&#8211; Kinder sch\u00fctzen vor dem Fenstersturz<br \/>\n&#8211; Barrierefreiheit beim L\u00fcften f\u00fcr jung und alt<br \/>\n&#8211; Einfache Montage und kinderleichte Bedienung<br \/>\n&#8211; Absolut unauff\u00e4llig im preisgekr\u00f6nten Design<br \/>\n&#8211; Neugierig? <a style=\"font-family: sans-serif;font-size: medium;font-style: normal;font-variant: normal;line-height: normal\" href=\"http:\/\/www.cleverlueften.com\/\" target=\"new\">Hier klicken<\/a><\/div>\n","protected":false},"excerpt":{"rendered":"<p>\n&#8211; Komfort und Alltagshilfe f\u00fcr die ganze Familie<br \/>\n&#8211;\u00a0Durchschlafen bei frischer Luft trotz Morgenl\u00e4rm<br \/>\n&#8211;\u00a0Einfaches L\u00fcften in der Nacht bei Pollenallergie<br \/>\n&#8211;\u00a0Nie mehr kalte R\u00e4ume wegen Dauerkippen<br \/>\n&#8211; Einbruchsgefahr effektiv minimieren<br \/>\n&#8211; Schimmelpilze einfach wegl\u00fcften und vermeiden<br \/>\n&#8211; Kinder sch\u00fctzen vor dem Fenstersturz<br \/>\n&#8211; Barrierefreiheit beim L\u00fcften f\u00fcr jung und alt<br \/>\n&#8211; Einfache Montage und kinderleichte Bedienung<br \/>\n&#8211; Absolut unauff\u00e4llig im preisgekr\u00f6nten Design<br \/>\n&#8211; Neugierig? Hier klicken<\/p>\n","protected":false},"author":1,"featured_media":0,"parent":0,"menu_order":0,"comment_status":"closed","ping_status":"open","template":"template-full-width.php","meta":[],"yoast_head":"<!-- This site is optimized with the Yoast SEO plugin v20.4 - https:\/\/yoast.com\/wordpress\/plugins\/seo\/ -->\n<title>Winflip - Schutznetze<\/title>\n<meta name=\"robots\" content=\"index, follow, max-snippet:-1, max-image-preview:large, max-video-preview:-1\" \/>\n<link rel=\"canonical\" href=\"https:\/\/einbruch-sicher.com\/schutznetze\/cleverlueften\/\" \/>\n<meta property=\"og:locale\" content=\"de_DE\" \/>\n<meta property=\"og:type\" content=\"article\" \/>\n<meta property=\"og:title\" content=\"Winflip - Schutznetze\" \/>\n<meta property=\"og:description\" content=\"&#8211; Komfort und Alltagshilfe f\u00fcr die ganze Familie &#8211;\u00a0Durchschlafen bei frischer Luft trotz Morgenl\u00e4rm &#8211;\u00a0Einfaches L\u00fcften in der Nacht bei Pollenallergie &#8211;\u00a0Nie mehr kalte R\u00e4ume wegen Dauerkippen &#8211; Einbruchsgefahr effektiv minimieren &#8211; Schimmelpilze einfach wegl\u00fcften und vermeiden &#8211; Kinder sch\u00fctzen vor dem Fenstersturz &#8211; Barrierefreiheit beim L\u00fcften f\u00fcr jung und alt &#8211; Einfache Montage und kinderleichte Bedienung &#8211; Absolut unauff\u00e4llig im preisgekr\u00f6nten Design &#8211; Neugierig? Hier klicken\" \/>\n<meta property=\"og:url\" content=\"https:\/\/einbruch-sicher.com\/schutznetze\/cleverlueften\/\" \/>\n<meta property=\"og:site_name\" content=\"Schutznetze\" \/>\n<meta property=\"og:image\" content=\"http:\/\/nutznetze.de\/content\/uploads\/2013\/11\/winflip_pic-150x150.jpg\" \/>\n<meta name=\"twitter:card\" content=\"summary_large_image\" \/>\n<script type=\"application\/ld+json\" class=\"yoast-schema-graph\">{\"@context\":\"https:\/\/schema.org\",\"@graph\":[{\"@type\":\"WebPage\",\"@id\":\"https:\/\/einbruch-sicher.com\/schutznetze\/cleverlueften\/\",\"url\":\"https:\/\/einbruch-sicher.com\/schutznetze\/cleverlueften\/\",\"name\":\"Winflip - Schutznetze\",\"isPartOf\":{\"@id\":\"https:\/\/einbruch-sicher.com\/schutznetze\/#website\"},\"datePublished\":\"2013-11-30T21:00:04+00:00\",\"dateModified\":\"2013-11-30T21:00:04+00:00\",\"breadcrumb\":{\"@id\":\"https:\/\/einbruch-sicher.com\/schutznetze\/cleverlueften\/#breadcrumb\"},\"inLanguage\":\"de\",\"potentialAction\":[{\"@type\":\"ReadAction\",\"target\":[\"https:\/\/einbruch-sicher.com\/schutznetze\/cleverlueften\/\"]}]},{\"@type\":\"BreadcrumbList\",\"@id\":\"https:\/\/einbruch-sicher.com\/schutznetze\/cleverlueften\/#breadcrumb\",\"itemListElement\":[{\"@type\":\"ListItem\",\"position\":1,\"name\":\"Home\",\"item\":\"https:\/\/einbruch-sicher.com\/schutznetze\/\"},{\"@type\":\"ListItem\",\"position\":2,\"name\":\"Winflip\"}]},{\"@type\":\"WebSite\",\"@id\":\"https:\/\/einbruch-sicher.com\/schutznetze\/#website\",\"url\":\"https:\/\/einbruch-sicher.com\/schutznetze\/\",\"name\":\"Schutznetze\",\"description\":\"Sicher vernetzt\",\"potentialAction\":[{\"@type\":\"SearchAction\",\"target\":{\"@type\":\"EntryPoint\",\"urlTemplate\":\"https:\/\/einbruch-sicher.com\/schutznetze\/?s={search_term_string}\"},\"query-input\":\"required name=search_term_string\"}],\"inLanguage\":\"de\"}]}<\/script>\n<!-- \/ Yoast SEO plugin. -->","yoast_head_json":{"title":"Winflip - Schutznetze","robots":{"index":"index","follow":"follow","max-snippet":"max-snippet:-1","max-image-preview":"max-image-preview:large","max-video-preview":"max-video-preview:-1"},"canonical":"https:\/\/einbruch-sicher.com\/schutznetze\/cleverlueften\/","og_locale":"de_DE","og_type":"article","og_title":"Winflip - Schutznetze","og_description":"&#8211; Komfort und Alltagshilfe f\u00fcr die ganze Familie &#8211;\u00a0Durchschlafen bei frischer Luft trotz Morgenl\u00e4rm &#8211;\u00a0Einfaches L\u00fcften in der Nacht bei Pollenallergie &#8211;\u00a0Nie mehr kalte R\u00e4ume wegen Dauerkippen &#8211; Einbruchsgefahr effektiv minimieren &#8211; Schimmelpilze einfach wegl\u00fcften und vermeiden &#8211; Kinder sch\u00fctzen vor dem Fenstersturz &#8211; Barrierefreiheit beim L\u00fcften f\u00fcr jung und alt &#8211; Einfache Montage und kinderleichte Bedienung &#8211; Absolut unauff\u00e4llig im preisgekr\u00f6nten Design &#8211; Neugierig? Hier klicken","og_url":"https:\/\/einbruch-sicher.com\/schutznetze\/cleverlueften\/","og_site_name":"Schutznetze","og_image":[{"url":"http:\/\/nutznetze.de\/content\/uploads\/2013\/11\/winflip_pic-150x150.jpg"}],"twitter_card":"summary_large_image","schema":{"@context":"https:\/\/schema.org","@graph":[{"@type":"WebPage","@id":"https:\/\/einbruch-sicher.com\/schutznetze\/cleverlueften\/","url":"https:\/\/einbruch-sicher.com\/schutznetze\/cleverlueften\/","name":"Winflip - Schutznetze","isPartOf":{"@id":"https:\/\/einbruch-sicher.com\/schutznetze\/#website"},"datePublished":"2013-11-30T21:00:04+00:00","dateModified":"2013-11-30T21:00:04+00:00","breadcrumb":{"@id":"https:\/\/einbruch-sicher.com\/schutznetze\/cleverlueften\/#breadcrumb"},"inLanguage":"de","potentialAction":[{"@type":"ReadAction","target":["https:\/\/einbruch-sicher.com\/schutznetze\/cleverlueften\/"]}]},{"@type":"BreadcrumbList","@id":"https:\/\/einbruch-sicher.com\/schutznetze\/cleverlueften\/#breadcrumb","itemListElement":[{"@type":"ListItem","position":1,"name":"Home","item":"https:\/\/einbruch-sicher.com\/schutznetze\/"},{"@type":"ListItem","position":2,"name":"Winflip"}]},{"@type":"WebSite","@id":"https:\/\/einbruch-sicher.com\/schutznetze\/#website","url":"https:\/\/einbruch-sicher.com\/schutznetze\/","name":"Schutznetze","description":"Sicher vernetzt","potentialAction":[{"@type":"SearchAction","target":{"@type":"EntryPoint","urlTemplate":"https:\/\/einbruch-sicher.com\/schutznetze\/?s={search_term_string}"},"query-input":"required name=search_term_string"}],"inLanguage":"de"}]}},"_links":{"self":[{"href":"https:\/\/einbruch-sicher.com\/schutznetze\/wp-json\/wp\/v2\/pages\/106"}],"collection":[{"href":"https:\/\/einbruch-sicher.com\/schutznetze\/wp-json\/wp\/v2\/pages"}],"about":[{"href":"https:\/\/einbruch-sicher.com\/schutznetze\/wp-json\/wp\/v2\/types\/page"}],"author":[{"embeddable":true,"href":"https:\/\/einbruch-sicher.com\/schutznetze\/wp-json\/wp\/v2\/users\/1"}],"replies":[{"embeddable":true,"href":"https:\/\/einbruch-sicher.com\/schutznetze\/wp-json\/wp\/v2\/comments?post=106"}],"version-history":[{"count":0,"href":"https:\/\/einbruch-sicher.com\/schutznetze\/wp-json\/wp\/v2\/pages\/106\/revisions"}],"wp:attachment":[{"href":"https:\/\/einbruch-sicher.com\/schutznetze\/wp-json\/wp\/v2\/media?parent=106"}],"curies":[{"name":"wp","href":"https:\/\/api.w.org\/{rel}","templated":true}]}}