{"id":71,"date":"2016-04-16T16:35:19","date_gmt":"2016-04-16T14:35:19","guid":{"rendered":"http:\/\/einbruch-sicher.com\/led\/?page_id=71"},"modified":"2016-04-28T16:44:02","modified_gmt":"2016-04-28T14:44:02","slug":"broschuere","status":"publish","type":"page","link":"https:\/\/einbruch-sicher.com\/led\/broschuere\/","title":{"rendered":"EINSATZBEREICHE"},"content":{"rendered":"[vc_row][vc_column][vc_custom_heading text=&#8220;Einsatzbereiche f\u00fcr M2LOOM LED-Flutlichtstrahler (IP65)&#8220; use_theme_fonts=&#8220;yes&#8220;][\/vc_column][\/vc_row][vc_row][vc_column][vc_column_text]\n<ul style=\"color: #508a00;\">\n<li><span style=\"color: #000000;\">Innen- und Au\u00dfenbereiche<\/span><\/li>\n<li><span style=\"color: #000000;\">Objektbeleuchtung<\/span><\/li>\n<li><span style=\"color: #000000;\">Geb\u00e4udeanstrahlung<\/span><\/li>\n<li><span style=\"color: #000000;\">Stadien<\/span><\/li>\n<li><span style=\"color: #000000;\">Parkpl\u00e4tze<\/span><\/li>\n<li><span style=\"color: #000000;\">Sicherheitsbeleuchtung<\/span><\/li>\n<li><span style=\"color: #000000;\">Sporthallen<\/span><\/li>\n<li><span style=\"color: #000000;\">Au\u00dfensportpl\u00e4tze<\/span><\/li>\n<li><span style=\"color: #000000;\">Festzeltbeleuchtung<\/span><\/li>\n<li><span style=\"color: #000000;\">Tunnelbeleuchtung<\/span><\/li>\n<li><span style=\"color: #000000;\">Werkst\u00e4tten<\/span><\/li>\n<li><span style=\"color: #000000;\">Montage- und Produktionshallen<\/span><\/li>\n<li><span style=\"color: #000000;\">Lager- und Logistikhallen<\/span><\/li>\n<li><span style=\"color: #000000;\">Messehallen<\/span><\/li>\n<li><span style=\"color: #000000;\">Uvm.<\/span><\/li>\n<\/ul>\n[\/vc_column_text][\/vc_column][\/vc_row]\n","protected":false},"excerpt":{"rendered":"<p>[vc_row][vc_column][vc_custom_heading text=&#8220;Einsatzbereiche f\u00fcr M2LOOM LED-Flutlichtstrahler (IP65)&#8220; use_theme_fonts=&#8220;yes&#8220;][\/vc_column][\/vc_row][vc_row][vc_column][vc_column_text]<\/p>\n<p>Innen- und Au\u00dfenbereiche<br \/>\nObjektbeleuchtung<br \/>\nGeb\u00e4udeanstrahlung<br \/>\nStadien<br \/>\nParkpl\u00e4tze<br \/>\nSicherheitsbeleuchtung<br \/>\nSporthallen<br \/>\nAu\u00dfensportpl\u00e4tze<br \/>\nFestzeltbeleuchtung<br \/>\nTunnelbeleuchtung<br \/>\nWerkst\u00e4tten<br \/>\nMontage- und Produktionshallen<br \/>\nLager- und Logistikhallen<br \/>\nMessehallen<br \/>\nUvm.<\/p>\n<p>[\/vc_column_text][\/vc_column][\/vc_row]<\/p>\n","protected":false},"author":2,"featured_media":0,"parent":0,"menu_order":0,"comment_status":"closed","ping_status":"closed","template":"","meta":[],"yoast_head":"<!-- This site is optimized with the Yoast SEO plugin v20.4 - https:\/\/yoast.com\/wordpress\/plugins\/seo\/ -->\n<title>EINSATZBEREICHE - LED-Flutlichtstrahler<\/title>\n<meta name=\"robots\" content=\"index, follow, max-snippet:-1, max-image-preview:large, max-video-preview:-1\" \/>\n<link rel=\"canonical\" href=\"https:\/\/einbruch-sicher.com\/led\/broschuere\/\" \/>\n<meta property=\"og:locale\" content=\"de_DE\" \/>\n<meta property=\"og:type\" content=\"article\" \/>\n<meta property=\"og:title\" content=\"EINSATZBEREICHE - LED-Flutlichtstrahler\" \/>\n<meta property=\"og:description\" content=\"[vc_row][vc_column][vc_custom_heading text=&#8220;Einsatzbereiche f\u00fcr M2LOOM LED-Flutlichtstrahler (IP65)&#8220; use_theme_fonts=&#8220;yes&#8220;][\/vc_column][\/vc_row][vc_row][vc_column][vc_column_text] Innen- und Au\u00dfenbereiche Objektbeleuchtung Geb\u00e4udeanstrahlung Stadien Parkpl\u00e4tze Sicherheitsbeleuchtung Sporthallen Au\u00dfensportpl\u00e4tze Festzeltbeleuchtung Tunnelbeleuchtung Werkst\u00e4tten Montage- und Produktionshallen Lager- und Logistikhallen Messehallen Uvm. [\/vc_column_text][\/vc_column][\/vc_row]\" \/>\n<meta property=\"og:url\" content=\"https:\/\/einbruch-sicher.com\/led\/broschuere\/\" \/>\n<meta property=\"og:site_name\" content=\"LED-Flutlichtstrahler\" \/>\n<meta property=\"article:modified_time\" content=\"2016-04-28T14:44:02+00:00\" \/>\n<meta name=\"twitter:card\" content=\"summary_large_image\" \/>\n<script type=\"application\/ld+json\" class=\"yoast-schema-graph\">{\"@context\":\"https:\/\/schema.org\",\"@graph\":[{\"@type\":\"WebPage\",\"@id\":\"https:\/\/einbruch-sicher.com\/led\/broschuere\/\",\"url\":\"https:\/\/einbruch-sicher.com\/led\/broschuere\/\",\"name\":\"EINSATZBEREICHE - LED-Flutlichtstrahler\",\"isPartOf\":{\"@id\":\"https:\/\/einbruch-sicher.com\/led\/#website\"},\"datePublished\":\"2016-04-16T14:35:19+00:00\",\"dateModified\":\"2016-04-28T14:44:02+00:00\",\"breadcrumb\":{\"@id\":\"https:\/\/einbruch-sicher.com\/led\/broschuere\/#breadcrumb\"},\"inLanguage\":\"de\",\"potentialAction\":[{\"@type\":\"ReadAction\",\"target\":[\"https:\/\/einbruch-sicher.com\/led\/broschuere\/\"]}]},{\"@type\":\"BreadcrumbList\",\"@id\":\"https:\/\/einbruch-sicher.com\/led\/broschuere\/#breadcrumb\",\"itemListElement\":[{\"@type\":\"ListItem\",\"position\":1,\"name\":\"Startseite\",\"item\":\"https:\/\/einbruch-sicher.com\/led\/\"},{\"@type\":\"ListItem\",\"position\":2,\"name\":\"EINSATZBEREICHE\"}]},{\"@type\":\"WebSite\",\"@id\":\"https:\/\/einbruch-sicher.com\/led\/#website\",\"url\":\"https:\/\/einbruch-sicher.com\/led\/\",\"name\":\"LED-Flutlichtstrahler\",\"description\":\"Eine weitere Falzalarm der Fensteralarm Websites Website\",\"potentialAction\":[{\"@type\":\"SearchAction\",\"target\":{\"@type\":\"EntryPoint\",\"urlTemplate\":\"https:\/\/einbruch-sicher.com\/led\/?s={search_term_string}\"},\"query-input\":\"required name=search_term_string\"}],\"inLanguage\":\"de\"}]}<\/script>\n<!-- \/ Yoast SEO plugin. -->","yoast_head_json":{"title":"EINSATZBEREICHE - LED-Flutlichtstrahler","robots":{"index":"index","follow":"follow","max-snippet":"max-snippet:-1","max-image-preview":"max-image-preview:large","max-video-preview":"max-video-preview:-1"},"canonical":"https:\/\/einbruch-sicher.com\/led\/broschuere\/","og_locale":"de_DE","og_type":"article","og_title":"EINSATZBEREICHE - LED-Flutlichtstrahler","og_description":"[vc_row][vc_column][vc_custom_heading text=&#8220;Einsatzbereiche f\u00fcr M2LOOM LED-Flutlichtstrahler (IP65)&#8220; use_theme_fonts=&#8220;yes&#8220;][\/vc_column][\/vc_row][vc_row][vc_column][vc_column_text] Innen- und Au\u00dfenbereiche Objektbeleuchtung Geb\u00e4udeanstrahlung Stadien Parkpl\u00e4tze Sicherheitsbeleuchtung Sporthallen Au\u00dfensportpl\u00e4tze Festzeltbeleuchtung Tunnelbeleuchtung Werkst\u00e4tten Montage- und Produktionshallen Lager- und Logistikhallen Messehallen Uvm. [\/vc_column_text][\/vc_column][\/vc_row]","og_url":"https:\/\/einbruch-sicher.com\/led\/broschuere\/","og_site_name":"LED-Flutlichtstrahler","article_modified_time":"2016-04-28T14:44:02+00:00","twitter_card":"summary_large_image","schema":{"@context":"https:\/\/schema.org","@graph":[{"@type":"WebPage","@id":"https:\/\/einbruch-sicher.com\/led\/broschuere\/","url":"https:\/\/einbruch-sicher.com\/led\/broschuere\/","name":"EINSATZBEREICHE - LED-Flutlichtstrahler","isPartOf":{"@id":"https:\/\/einbruch-sicher.com\/led\/#website"},"datePublished":"2016-04-16T14:35:19+00:00","dateModified":"2016-04-28T14:44:02+00:00","breadcrumb":{"@id":"https:\/\/einbruch-sicher.com\/led\/broschuere\/#breadcrumb"},"inLanguage":"de","potentialAction":[{"@type":"ReadAction","target":["https:\/\/einbruch-sicher.com\/led\/broschuere\/"]}]},{"@type":"BreadcrumbList","@id":"https:\/\/einbruch-sicher.com\/led\/broschuere\/#breadcrumb","itemListElement":[{"@type":"ListItem","position":1,"name":"Startseite","item":"https:\/\/einbruch-sicher.com\/led\/"},{"@type":"ListItem","position":2,"name":"EINSATZBEREICHE"}]},{"@type":"WebSite","@id":"https:\/\/einbruch-sicher.com\/led\/#website","url":"https:\/\/einbruch-sicher.com\/led\/","name":"LED-Flutlichtstrahler","description":"Eine weitere Falzalarm der Fensteralarm Websites Website","potentialAction":[{"@type":"SearchAction","target":{"@type":"EntryPoint","urlTemplate":"https:\/\/einbruch-sicher.com\/led\/?s={search_term_string}"},"query-input":"required name=search_term_string"}],"inLanguage":"de"}]}},"_links":{"self":[{"href":"https:\/\/einbruch-sicher.com\/led\/wp-json\/wp\/v2\/pages\/71"}],"collection":[{"href":"https:\/\/einbruch-sicher.com\/led\/wp-json\/wp\/v2\/pages"}],"about":[{"href":"https:\/\/einbruch-sicher.com\/led\/wp-json\/wp\/v2\/types\/page"}],"author":[{"embeddable":true,"href":"https:\/\/einbruch-sicher.com\/led\/wp-json\/wp\/v2\/users\/2"}],"replies":[{"embeddable":true,"href":"https:\/\/einbruch-sicher.com\/led\/wp-json\/wp\/v2\/comments?post=71"}],"version-history":[{"count":0,"href":"https:\/\/einbruch-sicher.com\/led\/wp-json\/wp\/v2\/pages\/71\/revisions"}],"wp:attachment":[{"href":"https:\/\/einbruch-sicher.com\/led\/wp-json\/wp\/v2\/media?parent=71"}],"curies":[{"name":"wp","href":"https:\/\/api.w.org\/{rel}","templated":true}]}}