{"id":54,"date":"2016-04-16T16:21:04","date_gmt":"2016-04-16T14:21:04","guid":{"rendered":"http:\/\/einbruch-sicher.com\/led\/?page_id=54"},"modified":"2016-04-28T17:12:22","modified_gmt":"2016-04-28T15:12:22","slug":"gesundheit","status":"publish","type":"page","link":"https:\/\/einbruch-sicher.com\/led\/vorteile\/gesundheit\/","title":{"rendered":"Gesundheit"},"content":{"rendered":"[vc_row][vc_column][vc_custom_heading text=&#8220;Gesundheit&#8220; use_theme_fonts=&#8220;yes&#8220;][vc_column_text]\n<h4><span style=\"color: #508a00;\">Keine sch\u00e4dliche IR- und UV-Strahlung | Kein Quecksilber<\/span><\/h4>\n<p>M2LOOM LED-Beleuchtung gibt keinerlei sch\u00e4dliche IR- oder UV-Strahlung ab und ist somit besonders gesundheitsvertr\u00e4glich f\u00fcr den Menschen.<\/p>\n<p>Au\u00dferdem enthalten LED-Lampen von M2LOOM kein gef\u00e4hrliches Quecksilber oder andere gef\u00e4hrliche Stoffe. Dies wird durch das <strong><span style=\"color: #508a00;\">RoHS-Zeichen zertifiziert<\/span><\/strong>.<\/p>\n<p>Richtiges Licht tr\u00e4gt nachweislich dazu bei, Krankheitszeiten von Mitarbeitern zu reduzieren. Optimale Arbeits- und Produktionsergebnisse h\u00e4ngen wesentlich von der Leistungsbereitschaft der Mitarbeiter ab. Richtiges Licht hilft, die Motivation zu steigern, es beugt Erm\u00fcdung vor, erh\u00e4lt die Gesundheit und sch\u00fctzt vor Arbeitsunf\u00e4llen.<\/p>\n<p>Insbesondere in Bereichen, in denen die Augen H\u00f6chstleistungen erzielen m\u00fcssen, wird der sogenannte Stroboskop-Effekt gef\u00fcrchtet. Die hochfrequente Lichterzeugung mit LEDs bringt gleichm\u00e4\u00dfiges und flackerfreies Licht an den Arbeitsplatz und sorgt so f\u00fcr eine Entlastung der Augen und optimale Sichtverh\u00e4ltnisse. Das reduziert beispielsweise Unfallgefahren beim Einrichten und Warten von Maschinen. Blendfrei und ausgesprochen lichtstark erleichtern LEDs auch \u00fcberall dort die Arbeit, wo kleinste Details sicher erkannt werden m\u00fcssen. Insgesamt schont flacker- und blendfreies Licht die Augen, beugt Erm\u00fcdungen vor und leistet somit einen wertvollen Beitrag f\u00fcr die Gesundheit.<\/p>\n<p>Auch die geringere W\u00e4rmeentwicklung durch M2LOOM LED-Beleuchtung im Vergleich zu herk\u00f6mmlicher Beleuchtung wird positiv von Mitarbeitern beurteilt und kann gleichzeitig dazu beitragen, Klimatisierungskosten f\u00fcr Geb\u00e4ude zu reduzieren.[\/vc_column_text][\/vc_column][\/vc_row]\n","protected":false},"excerpt":{"rendered":"<p>[vc_row][vc_column][vc_custom_heading text=&#8220;Gesundheit&#8220; use_theme_fonts=&#8220;yes&#8220;][vc_column_text]<br \/>\nKeine sch\u00e4dliche IR- und UV-Strahlung | Kein Quecksilber<br \/>\nM2LOOM LED-Beleuchtung gibt keinerlei sch\u00e4dliche IR- oder UV-Strahlung ab und ist somit besonders gesundheitsvertr\u00e4glich f\u00fcr den Menschen.<br \/>\nAu\u00dferdem enthalten LED-Lampen von M2LOOM kein gef\u00e4hrliches Quecksilber oder andere gef\u00e4hrliche Stoffe. Dies wird durch das RoHS-Zeichen zertifiziert.<br \/>\nRichtiges Licht tr\u00e4gt nachweislich dazu bei, Krankheitszeiten von Mitarbeitern zu reduzieren. Optimale Arbeits- und Produktionsergebnisse h\u00e4ngen wesentlich von der Leistungsbereitschaft der Mitarbeiter ab. Richtiges Licht hilft, die Motivation zu steigern, es beugt Erm\u00fcdung vor, &#8230;<\/p>\n","protected":false},"author":2,"featured_media":0,"parent":22,"menu_order":0,"comment_status":"closed","ping_status":"closed","template":"template_leftnav.php","meta":[],"yoast_head":"<!-- This site is optimized with the Yoast SEO plugin v20.4 - https:\/\/yoast.com\/wordpress\/plugins\/seo\/ -->\n<title>Gesundheit - LED-Flutlichtstrahler<\/title>\n<meta name=\"robots\" content=\"index, follow, max-snippet:-1, max-image-preview:large, max-video-preview:-1\" \/>\n<link rel=\"canonical\" href=\"https:\/\/einbruch-sicher.com\/led\/vorteile\/gesundheit\/\" \/>\n<meta property=\"og:locale\" content=\"de_DE\" \/>\n<meta property=\"og:type\" content=\"article\" \/>\n<meta property=\"og:title\" content=\"Gesundheit - LED-Flutlichtstrahler\" \/>\n<meta property=\"og:description\" content=\"[vc_row][vc_column][vc_custom_heading text=&#8220;Gesundheit&#8220; use_theme_fonts=&#8220;yes&#8220;][vc_column_text] Keine sch\u00e4dliche IR- und UV-Strahlung | Kein Quecksilber M2LOOM LED-Beleuchtung gibt keinerlei sch\u00e4dliche IR- oder UV-Strahlung ab und ist somit besonders gesundheitsvertr\u00e4glich f\u00fcr den Menschen. Au\u00dferdem enthalten LED-Lampen von M2LOOM kein gef\u00e4hrliches Quecksilber oder andere gef\u00e4hrliche Stoffe. Dies wird durch das RoHS-Zeichen zertifiziert. Richtiges Licht tr\u00e4gt nachweislich dazu bei, Krankheitszeiten von Mitarbeitern zu reduzieren. Optimale Arbeits- und Produktionsergebnisse h\u00e4ngen wesentlich von der Leistungsbereitschaft der Mitarbeiter ab. Richtiges Licht hilft, die Motivation zu steigern, es beugt Erm\u00fcdung vor, ...\" \/>\n<meta property=\"og:url\" content=\"https:\/\/einbruch-sicher.com\/led\/vorteile\/gesundheit\/\" \/>\n<meta property=\"og:site_name\" content=\"LED-Flutlichtstrahler\" \/>\n<meta property=\"article:modified_time\" content=\"2016-04-28T15:12:22+00:00\" \/>\n<meta name=\"twitter:card\" content=\"summary_large_image\" \/>\n<meta name=\"twitter:label1\" content=\"Gesch\u00e4tzte Lesezeit\" \/>\n\t<meta name=\"twitter:data1\" content=\"1\u00a0Minute\" \/>\n<script type=\"application\/ld+json\" class=\"yoast-schema-graph\">{\"@context\":\"https:\/\/schema.org\",\"@graph\":[{\"@type\":\"WebPage\",\"@id\":\"https:\/\/einbruch-sicher.com\/led\/vorteile\/gesundheit\/\",\"url\":\"https:\/\/einbruch-sicher.com\/led\/vorteile\/gesundheit\/\",\"name\":\"Gesundheit - LED-Flutlichtstrahler\",\"isPartOf\":{\"@id\":\"https:\/\/einbruch-sicher.com\/led\/#website\"},\"datePublished\":\"2016-04-16T14:21:04+00:00\",\"dateModified\":\"2016-04-28T15:12:22+00:00\",\"breadcrumb\":{\"@id\":\"https:\/\/einbruch-sicher.com\/led\/vorteile\/gesundheit\/#breadcrumb\"},\"inLanguage\":\"de\",\"potentialAction\":[{\"@type\":\"ReadAction\",\"target\":[\"https:\/\/einbruch-sicher.com\/led\/vorteile\/gesundheit\/\"]}]},{\"@type\":\"BreadcrumbList\",\"@id\":\"https:\/\/einbruch-sicher.com\/led\/vorteile\/gesundheit\/#breadcrumb\",\"itemListElement\":[{\"@type\":\"ListItem\",\"position\":1,\"name\":\"Startseite\",\"item\":\"https:\/\/einbruch-sicher.com\/led\/\"},{\"@type\":\"ListItem\",\"position\":2,\"name\":\"VORTEILE\",\"item\":\"https:\/\/einbruch-sicher.com\/led\/vorteile\/\"},{\"@type\":\"ListItem\",\"position\":3,\"name\":\"Gesundheit\"}]},{\"@type\":\"WebSite\",\"@id\":\"https:\/\/einbruch-sicher.com\/led\/#website\",\"url\":\"https:\/\/einbruch-sicher.com\/led\/\",\"name\":\"LED-Flutlichtstrahler\",\"description\":\"Eine weitere Falzalarm der Fensteralarm Websites Website\",\"potentialAction\":[{\"@type\":\"SearchAction\",\"target\":{\"@type\":\"EntryPoint\",\"urlTemplate\":\"https:\/\/einbruch-sicher.com\/led\/?s={search_term_string}\"},\"query-input\":\"required name=search_term_string\"}],\"inLanguage\":\"de\"}]}<\/script>\n<!-- \/ Yoast SEO plugin. -->","yoast_head_json":{"title":"Gesundheit - LED-Flutlichtstrahler","robots":{"index":"index","follow":"follow","max-snippet":"max-snippet:-1","max-image-preview":"max-image-preview:large","max-video-preview":"max-video-preview:-1"},"canonical":"https:\/\/einbruch-sicher.com\/led\/vorteile\/gesundheit\/","og_locale":"de_DE","og_type":"article","og_title":"Gesundheit - LED-Flutlichtstrahler","og_description":"[vc_row][vc_column][vc_custom_heading text=&#8220;Gesundheit&#8220; use_theme_fonts=&#8220;yes&#8220;][vc_column_text] Keine sch\u00e4dliche IR- und UV-Strahlung | Kein Quecksilber M2LOOM LED-Beleuchtung gibt keinerlei sch\u00e4dliche IR- oder UV-Strahlung ab und ist somit besonders gesundheitsvertr\u00e4glich f\u00fcr den Menschen. Au\u00dferdem enthalten LED-Lampen von M2LOOM kein gef\u00e4hrliches Quecksilber oder andere gef\u00e4hrliche Stoffe. Dies wird durch das RoHS-Zeichen zertifiziert. Richtiges Licht tr\u00e4gt nachweislich dazu bei, Krankheitszeiten von Mitarbeitern zu reduzieren. Optimale Arbeits- und Produktionsergebnisse h\u00e4ngen wesentlich von der Leistungsbereitschaft der Mitarbeiter ab. Richtiges Licht hilft, die Motivation zu steigern, es beugt Erm\u00fcdung vor, ...","og_url":"https:\/\/einbruch-sicher.com\/led\/vorteile\/gesundheit\/","og_site_name":"LED-Flutlichtstrahler","article_modified_time":"2016-04-28T15:12:22+00:00","twitter_card":"summary_large_image","twitter_misc":{"Gesch\u00e4tzte Lesezeit":"1\u00a0Minute"},"schema":{"@context":"https:\/\/schema.org","@graph":[{"@type":"WebPage","@id":"https:\/\/einbruch-sicher.com\/led\/vorteile\/gesundheit\/","url":"https:\/\/einbruch-sicher.com\/led\/vorteile\/gesundheit\/","name":"Gesundheit - LED-Flutlichtstrahler","isPartOf":{"@id":"https:\/\/einbruch-sicher.com\/led\/#website"},"datePublished":"2016-04-16T14:21:04+00:00","dateModified":"2016-04-28T15:12:22+00:00","breadcrumb":{"@id":"https:\/\/einbruch-sicher.com\/led\/vorteile\/gesundheit\/#breadcrumb"},"inLanguage":"de","potentialAction":[{"@type":"ReadAction","target":["https:\/\/einbruch-sicher.com\/led\/vorteile\/gesundheit\/"]}]},{"@type":"BreadcrumbList","@id":"https:\/\/einbruch-sicher.com\/led\/vorteile\/gesundheit\/#breadcrumb","itemListElement":[{"@type":"ListItem","position":1,"name":"Startseite","item":"https:\/\/einbruch-sicher.com\/led\/"},{"@type":"ListItem","position":2,"name":"VORTEILE","item":"https:\/\/einbruch-sicher.com\/led\/vorteile\/"},{"@type":"ListItem","position":3,"name":"Gesundheit"}]},{"@type":"WebSite","@id":"https:\/\/einbruch-sicher.com\/led\/#website","url":"https:\/\/einbruch-sicher.com\/led\/","name":"LED-Flutlichtstrahler","description":"Eine weitere Falzalarm der Fensteralarm Websites Website","potentialAction":[{"@type":"SearchAction","target":{"@type":"EntryPoint","urlTemplate":"https:\/\/einbruch-sicher.com\/led\/?s={search_term_string}"},"query-input":"required name=search_term_string"}],"inLanguage":"de"}]}},"_links":{"self":[{"href":"https:\/\/einbruch-sicher.com\/led\/wp-json\/wp\/v2\/pages\/54"}],"collection":[{"href":"https:\/\/einbruch-sicher.com\/led\/wp-json\/wp\/v2\/pages"}],"about":[{"href":"https:\/\/einbruch-sicher.com\/led\/wp-json\/wp\/v2\/types\/page"}],"author":[{"embeddable":true,"href":"https:\/\/einbruch-sicher.com\/led\/wp-json\/wp\/v2\/users\/2"}],"replies":[{"embeddable":true,"href":"https:\/\/einbruch-sicher.com\/led\/wp-json\/wp\/v2\/comments?post=54"}],"version-history":[{"count":0,"href":"https:\/\/einbruch-sicher.com\/led\/wp-json\/wp\/v2\/pages\/54\/revisions"}],"up":[{"embeddable":true,"href":"https:\/\/einbruch-sicher.com\/led\/wp-json\/wp\/v2\/pages\/22"}],"wp:attachment":[{"href":"https:\/\/einbruch-sicher.com\/led\/wp-json\/wp\/v2\/media?parent=54"}],"curies":[{"name":"wp","href":"https:\/\/api.w.org\/{rel}","templated":true}]}}