{"id":40,"date":"2016-04-16T16:11:40","date_gmt":"2016-04-16T14:11:40","guid":{"rendered":"http:\/\/einbruch-sicher.com\/led\/?page_id=40"},"modified":"2016-04-28T17:12:05","modified_gmt":"2016-04-28T15:12:05","slug":"farbwiedergabeindex","status":"publish","type":"page","link":"https:\/\/einbruch-sicher.com\/led\/vorteile\/farbwiedergabeindex\/","title":{"rendered":"Farbwiedergabeindex"},"content":{"rendered":"[vc_row][vc_column][vc_custom_heading text=&#8220;Farbwiedergabeindex&#8220; use_theme_fonts=&#8220;yes&#8220;][vc_column_text]\n<h4>Hoher Farbwiedergabeindex f\u00fcr brilliante Farben<\/h4>\n<p>Das Licht der Sonne stellt Farben in unserer Umgebung unverf\u00e4lscht dar und zeigt Gegenst\u00e4nde in ihrer nat\u00fcrlichen Farbgebung. Der Farbwiedergabeindex (CRI: Color Rendering Index oder Ra) gibt an, wie genau eine Lichtquelle die Farben reproduzieren kann. Die in M2LOOM LED-Produkten verwendete Technologie stellt einen hohen CRI-Wert<br \/>\n(Ra-Wert) sicher. Daher werden die Farben in den beleuchteten R\u00e4umen unverf\u00e4lscht und nat\u00fcrlich wiedergegeben.<\/p>\n<p>Farbwiedergabeindex<br \/>\nDer Farbwiedergabeindex (CRI, Ra) gibt Auskunft, wie nat\u00fcrlich Farben im Licht einer LED-Lampe wiedergegeben werden auf einer Skala von 0 bis 100. Nat\u00fcrliches Licht im Freien hat einen CRI von 100 und wird als Standardwert zum Vergleich mit anderen Lichtquellen verwendet.<\/p>\n<p>Der Farbwiedergabeindex von M2LOOM<br \/>\nDer CRI von M2LOOM LED-Beleuchtungsprodukten ist h\u00f6her als 80, entspricht also fast dem Wert der Sonne. Farben werden daher unverf\u00e4lscht und auf nat\u00fcrliche Weise wiedergegeben.[\/vc_column_text][\/vc_column][\/vc_row]\n","protected":false},"excerpt":{"rendered":"<p>[vc_row][vc_column][vc_custom_heading text=&#8220;Farbwiedergabeindex&#8220; use_theme_fonts=&#8220;yes&#8220;][vc_column_text]<br \/>\nHoher Farbwiedergabeindex f\u00fcr brilliante Farben<br \/>\nDas Licht der Sonne stellt Farben in unserer Umgebung unverf\u00e4lscht dar und zeigt Gegenst\u00e4nde in ihrer nat\u00fcrlichen Farbgebung. Der Farbwiedergabeindex (CRI: Color Rendering Index oder Ra) gibt an, wie genau eine Lichtquelle die Farben reproduzieren kann. Die in M2LOOM LED-Produkten verwendete Technologie stellt einen hohen CRI-Wert<br \/>\n(Ra-Wert) sicher. Daher werden die Farben in den beleuchteten R\u00e4umen unverf\u00e4lscht und nat\u00fcrlich wiedergegeben.<br \/>\nFarbwiedergabeindex<br \/>\nDer Farbwiedergabeindex (CRI, Ra) gibt Auskunft, wie nat\u00fcrlich Farben im Licht &#8230;<\/p>\n","protected":false},"author":2,"featured_media":0,"parent":22,"menu_order":0,"comment_status":"closed","ping_status":"closed","template":"template_leftnav.php","meta":[],"yoast_head":"<!-- This site is optimized with the Yoast SEO plugin v20.4 - https:\/\/yoast.com\/wordpress\/plugins\/seo\/ -->\n<title>Farbwiedergabeindex - LED-Flutlichtstrahler<\/title>\n<meta name=\"robots\" content=\"index, follow, max-snippet:-1, max-image-preview:large, max-video-preview:-1\" \/>\n<link rel=\"canonical\" href=\"https:\/\/einbruch-sicher.com\/led\/vorteile\/farbwiedergabeindex\/\" \/>\n<meta property=\"og:locale\" content=\"de_DE\" \/>\n<meta property=\"og:type\" content=\"article\" \/>\n<meta property=\"og:title\" content=\"Farbwiedergabeindex - LED-Flutlichtstrahler\" \/>\n<meta property=\"og:description\" content=\"[vc_row][vc_column][vc_custom_heading text=&#8220;Farbwiedergabeindex&#8220; use_theme_fonts=&#8220;yes&#8220;][vc_column_text] Hoher Farbwiedergabeindex f\u00fcr brilliante Farben Das Licht der Sonne stellt Farben in unserer Umgebung unverf\u00e4lscht dar und zeigt Gegenst\u00e4nde in ihrer nat\u00fcrlichen Farbgebung. Der Farbwiedergabeindex (CRI: Color Rendering Index oder Ra) gibt an, wie genau eine Lichtquelle die Farben reproduzieren kann. Die in M2LOOM LED-Produkten verwendete Technologie stellt einen hohen CRI-Wert (Ra-Wert) sicher. Daher werden die Farben in den beleuchteten R\u00e4umen unverf\u00e4lscht und nat\u00fcrlich wiedergegeben. Farbwiedergabeindex Der Farbwiedergabeindex (CRI, Ra) gibt Auskunft, wie nat\u00fcrlich Farben im Licht ...\" \/>\n<meta property=\"og:url\" content=\"https:\/\/einbruch-sicher.com\/led\/vorteile\/farbwiedergabeindex\/\" \/>\n<meta property=\"og:site_name\" content=\"LED-Flutlichtstrahler\" \/>\n<meta property=\"article:modified_time\" content=\"2016-04-28T15:12:05+00:00\" \/>\n<meta name=\"twitter:card\" content=\"summary_large_image\" \/>\n<meta name=\"twitter:label1\" content=\"Gesch\u00e4tzte Lesezeit\" \/>\n\t<meta name=\"twitter:data1\" content=\"1\u00a0Minute\" \/>\n<script type=\"application\/ld+json\" class=\"yoast-schema-graph\">{\"@context\":\"https:\/\/schema.org\",\"@graph\":[{\"@type\":\"WebPage\",\"@id\":\"https:\/\/einbruch-sicher.com\/led\/vorteile\/farbwiedergabeindex\/\",\"url\":\"https:\/\/einbruch-sicher.com\/led\/vorteile\/farbwiedergabeindex\/\",\"name\":\"Farbwiedergabeindex - LED-Flutlichtstrahler\",\"isPartOf\":{\"@id\":\"https:\/\/einbruch-sicher.com\/led\/#website\"},\"datePublished\":\"2016-04-16T14:11:40+00:00\",\"dateModified\":\"2016-04-28T15:12:05+00:00\",\"breadcrumb\":{\"@id\":\"https:\/\/einbruch-sicher.com\/led\/vorteile\/farbwiedergabeindex\/#breadcrumb\"},\"inLanguage\":\"de\",\"potentialAction\":[{\"@type\":\"ReadAction\",\"target\":[\"https:\/\/einbruch-sicher.com\/led\/vorteile\/farbwiedergabeindex\/\"]}]},{\"@type\":\"BreadcrumbList\",\"@id\":\"https:\/\/einbruch-sicher.com\/led\/vorteile\/farbwiedergabeindex\/#breadcrumb\",\"itemListElement\":[{\"@type\":\"ListItem\",\"position\":1,\"name\":\"Startseite\",\"item\":\"https:\/\/einbruch-sicher.com\/led\/\"},{\"@type\":\"ListItem\",\"position\":2,\"name\":\"VORTEILE\",\"item\":\"https:\/\/einbruch-sicher.com\/led\/vorteile\/\"},{\"@type\":\"ListItem\",\"position\":3,\"name\":\"Farbwiedergabeindex\"}]},{\"@type\":\"WebSite\",\"@id\":\"https:\/\/einbruch-sicher.com\/led\/#website\",\"url\":\"https:\/\/einbruch-sicher.com\/led\/\",\"name\":\"LED-Flutlichtstrahler\",\"description\":\"Eine weitere Falzalarm der Fensteralarm Websites Website\",\"potentialAction\":[{\"@type\":\"SearchAction\",\"target\":{\"@type\":\"EntryPoint\",\"urlTemplate\":\"https:\/\/einbruch-sicher.com\/led\/?s={search_term_string}\"},\"query-input\":\"required name=search_term_string\"}],\"inLanguage\":\"de\"}]}<\/script>\n<!-- \/ Yoast SEO plugin. -->","yoast_head_json":{"title":"Farbwiedergabeindex - LED-Flutlichtstrahler","robots":{"index":"index","follow":"follow","max-snippet":"max-snippet:-1","max-image-preview":"max-image-preview:large","max-video-preview":"max-video-preview:-1"},"canonical":"https:\/\/einbruch-sicher.com\/led\/vorteile\/farbwiedergabeindex\/","og_locale":"de_DE","og_type":"article","og_title":"Farbwiedergabeindex - LED-Flutlichtstrahler","og_description":"[vc_row][vc_column][vc_custom_heading text=&#8220;Farbwiedergabeindex&#8220; use_theme_fonts=&#8220;yes&#8220;][vc_column_text] Hoher Farbwiedergabeindex f\u00fcr brilliante Farben Das Licht der Sonne stellt Farben in unserer Umgebung unverf\u00e4lscht dar und zeigt Gegenst\u00e4nde in ihrer nat\u00fcrlichen Farbgebung. Der Farbwiedergabeindex (CRI: Color Rendering Index oder Ra) gibt an, wie genau eine Lichtquelle die Farben reproduzieren kann. Die in M2LOOM LED-Produkten verwendete Technologie stellt einen hohen CRI-Wert (Ra-Wert) sicher. Daher werden die Farben in den beleuchteten R\u00e4umen unverf\u00e4lscht und nat\u00fcrlich wiedergegeben. Farbwiedergabeindex Der Farbwiedergabeindex (CRI, Ra) gibt Auskunft, wie nat\u00fcrlich Farben im Licht ...","og_url":"https:\/\/einbruch-sicher.com\/led\/vorteile\/farbwiedergabeindex\/","og_site_name":"LED-Flutlichtstrahler","article_modified_time":"2016-04-28T15:12:05+00:00","twitter_card":"summary_large_image","twitter_misc":{"Gesch\u00e4tzte Lesezeit":"1\u00a0Minute"},"schema":{"@context":"https:\/\/schema.org","@graph":[{"@type":"WebPage","@id":"https:\/\/einbruch-sicher.com\/led\/vorteile\/farbwiedergabeindex\/","url":"https:\/\/einbruch-sicher.com\/led\/vorteile\/farbwiedergabeindex\/","name":"Farbwiedergabeindex - LED-Flutlichtstrahler","isPartOf":{"@id":"https:\/\/einbruch-sicher.com\/led\/#website"},"datePublished":"2016-04-16T14:11:40+00:00","dateModified":"2016-04-28T15:12:05+00:00","breadcrumb":{"@id":"https:\/\/einbruch-sicher.com\/led\/vorteile\/farbwiedergabeindex\/#breadcrumb"},"inLanguage":"de","potentialAction":[{"@type":"ReadAction","target":["https:\/\/einbruch-sicher.com\/led\/vorteile\/farbwiedergabeindex\/"]}]},{"@type":"BreadcrumbList","@id":"https:\/\/einbruch-sicher.com\/led\/vorteile\/farbwiedergabeindex\/#breadcrumb","itemListElement":[{"@type":"ListItem","position":1,"name":"Startseite","item":"https:\/\/einbruch-sicher.com\/led\/"},{"@type":"ListItem","position":2,"name":"VORTEILE","item":"https:\/\/einbruch-sicher.com\/led\/vorteile\/"},{"@type":"ListItem","position":3,"name":"Farbwiedergabeindex"}]},{"@type":"WebSite","@id":"https:\/\/einbruch-sicher.com\/led\/#website","url":"https:\/\/einbruch-sicher.com\/led\/","name":"LED-Flutlichtstrahler","description":"Eine weitere Falzalarm der Fensteralarm Websites Website","potentialAction":[{"@type":"SearchAction","target":{"@type":"EntryPoint","urlTemplate":"https:\/\/einbruch-sicher.com\/led\/?s={search_term_string}"},"query-input":"required name=search_term_string"}],"inLanguage":"de"}]}},"_links":{"self":[{"href":"https:\/\/einbruch-sicher.com\/led\/wp-json\/wp\/v2\/pages\/40"}],"collection":[{"href":"https:\/\/einbruch-sicher.com\/led\/wp-json\/wp\/v2\/pages"}],"about":[{"href":"https:\/\/einbruch-sicher.com\/led\/wp-json\/wp\/v2\/types\/page"}],"author":[{"embeddable":true,"href":"https:\/\/einbruch-sicher.com\/led\/wp-json\/wp\/v2\/users\/2"}],"replies":[{"embeddable":true,"href":"https:\/\/einbruch-sicher.com\/led\/wp-json\/wp\/v2\/comments?post=40"}],"version-history":[{"count":0,"href":"https:\/\/einbruch-sicher.com\/led\/wp-json\/wp\/v2\/pages\/40\/revisions"}],"up":[{"embeddable":true,"href":"https:\/\/einbruch-sicher.com\/led\/wp-json\/wp\/v2\/pages\/22"}],"wp:attachment":[{"href":"https:\/\/einbruch-sicher.com\/led\/wp-json\/wp\/v2\/media?parent=40"}],"curies":[{"name":"wp","href":"https:\/\/api.w.org\/{rel}","templated":true}]}}