{"id":37,"date":"2016-04-16T16:09:50","date_gmt":"2016-04-16T14:09:50","guid":{"rendered":"http:\/\/einbruch-sicher.com\/led\/?page_id=37"},"modified":"2016-04-28T17:11:27","modified_gmt":"2016-04-28T15:11:27","slug":"5-jahre-garantie","status":"publish","type":"page","link":"https:\/\/einbruch-sicher.com\/led\/vorteile\/5-jahre-garantie\/","title":{"rendered":"5 Jahre Garantie"},"content":{"rendered":"[vc_row][vc_column][vc_custom_heading text=&#8220;5 Jahre Garantie&#8220; font_container=&#8220;tag:h1|text_align:left&#8220; use_theme_fonts=&#8220;yes&#8220;][vc_custom_heading text=&#8220;M2LOOM gibt 5 Jahre Garantie auf alle LED-Produkte&#8220; font_container=&#8220;tag:h4|text_align:left&#8220; use_theme_fonts=&#8220;yes&#8220;][vc_column_text]\n<h1><\/h1>\n<p>Hervorragendes Know-how, der Einsatz hochwertigster Komponenten und konsequente Qualit\u00e4tssicherung machen sich bezahlt. Deshalb gibt M2LOOM auf LED-Beleuchtung 5 Jahre Garantie.<\/p>\n<p>Durch die neueste LED-Technologie lassen sich heute<strong><span style=\"color: #508a00;\"> nachhaltige Beleuchtungsl\u00f6sungen<\/span><\/strong> realisieren, welche die <strong><span style=\"color: #508a00;\">Energiekosten senken<\/span><\/strong>, die <strong><span style=\"color: #508a00;\">Umwelt entlasten<\/span><\/strong> und dabei wesentlich mehr Licht erzeugen. M2LOOM gestaltet diesen Wandel mit, um die Erhaltung weltweiter Ressourcen zu unterst\u00fctzen und die Lebensqualit\u00e4t durch Licht zu verbessern.<\/p>\n<p>M2LOOM LED-Produkte zeichnen sich durch eine hervorragende Energieeffizienz, <span style=\"color: #508a00;\"><strong>hohe Qualit\u00e4t<\/strong><\/span> und ausgezeichnete lichttechnische Eigenschaften aus. Ihre Robustheit sowie ihre <strong><span style=\"color: #508a00;\">extrem lange Lebensdauer<\/span><\/strong> sorgen f\u00fcr geringe Wartungsanforderungen und lange Wechselintervalle, was zu niedrigen Gesamtbetriebskosten \u00fcber die Nutzungsdauer f\u00fchrt.<\/p>\n<p>Unser<strong><span style=\"color: #508a00;\"> breites Produktportfolio<\/span><\/strong> sowie ein \u00fcberzeugendes Preis-Leistungsverh\u00e4ltnis machen M2LOOM LED-Produkte zu einer erstklassigen Alternative f\u00fcr Ihr altes Beleuchtungssystem.<\/p>\n<p>St\u00e4ndige Weiterentwicklungen und neueste Technologien bilden die Basis f\u00fcr unser umfangreiches <strong><span style=\"color: #508a00;\">Sortiment an Lichtl\u00f6sungen<\/span><\/strong>. Durch das breite Spektrum an LED-Leuchtmitteln, ihre hohe <strong><span style=\"color: #508a00;\">Umwelt-<\/span> <\/strong>und <strong><span style=\"color: #508a00;\">Gesundheitsvertr\u00e4glichkeit<\/span><\/strong> sowie ihre geringe W\u00e4rmeentwicklung, Wartungsfreiheit und Robustheit eignen sich M2LOOM LED-Produkte f\u00fcr nahezu alle denkbaren <strong><span style=\"color: #508a00;\">Einsatzbereiche<\/span><\/strong>.[\/vc_column_text][\/vc_column][\/vc_row]\n","protected":false},"excerpt":{"rendered":"<p>[vc_row][vc_column][vc_custom_heading text=&#8220;5 Jahre Garantie&#8220; font_container=&#8220;tag:h1|text_align:left&#8220; use_theme_fonts=&#8220;yes&#8220;][vc_custom_heading text=&#8220;M2LOOM gibt 5 Jahre Garantie auf alle LED-Produkte&#8220; font_container=&#8220;tag:h4|text_align:left&#8220; use_theme_fonts=&#8220;yes&#8220;][vc_column_text]<\/p>\n<p>Hervorragendes Know-how, der Einsatz hochwertigster Komponenten und konsequente Qualit\u00e4tssicherung machen sich bezahlt. Deshalb gibt M2LOOM auf LED-Beleuchtung 5 Jahre Garantie.<br \/>\nDurch die neueste LED-Technologie lassen sich heute nachhaltige Beleuchtungsl\u00f6sungen realisieren, welche die Energiekosten senken, die Umwelt entlasten und dabei wesentlich mehr Licht erzeugen. M2LOOM gestaltet diesen Wandel mit, um die Erhaltung weltweiter Ressourcen zu unterst\u00fctzen und die Lebensqualit\u00e4t durch Licht zu verbessern.<br \/>\nM2LOOM &#8230;<\/p>\n","protected":false},"author":2,"featured_media":0,"parent":22,"menu_order":0,"comment_status":"closed","ping_status":"closed","template":"template_leftnav.php","meta":[],"yoast_head":"<!-- This site is optimized with the Yoast SEO plugin v20.4 - https:\/\/yoast.com\/wordpress\/plugins\/seo\/ -->\n<title>5 Jahre Garantie - LED-Flutlichtstrahler<\/title>\n<meta name=\"robots\" content=\"index, follow, max-snippet:-1, max-image-preview:large, max-video-preview:-1\" \/>\n<link rel=\"canonical\" href=\"https:\/\/einbruch-sicher.com\/led\/vorteile\/5-jahre-garantie\/\" \/>\n<meta property=\"og:locale\" content=\"de_DE\" \/>\n<meta property=\"og:type\" content=\"article\" \/>\n<meta property=\"og:title\" content=\"5 Jahre Garantie - LED-Flutlichtstrahler\" \/>\n<meta property=\"og:description\" content=\"[vc_row][vc_column][vc_custom_heading text=&#8220;5 Jahre Garantie&#8220; font_container=&#8220;tag:h1|text_align:left&#8220; use_theme_fonts=&#8220;yes&#8220;][vc_custom_heading text=&#8220;M2LOOM gibt 5 Jahre Garantie auf alle LED-Produkte&#8220; font_container=&#8220;tag:h4|text_align:left&#8220; use_theme_fonts=&#8220;yes&#8220;][vc_column_text] Hervorragendes Know-how, der Einsatz hochwertigster Komponenten und konsequente Qualit\u00e4tssicherung machen sich bezahlt. Deshalb gibt M2LOOM auf LED-Beleuchtung 5 Jahre Garantie. Durch die neueste LED-Technologie lassen sich heute nachhaltige Beleuchtungsl\u00f6sungen realisieren, welche die Energiekosten senken, die Umwelt entlasten und dabei wesentlich mehr Licht erzeugen. M2LOOM gestaltet diesen Wandel mit, um die Erhaltung weltweiter Ressourcen zu unterst\u00fctzen und die Lebensqualit\u00e4t durch Licht zu verbessern. M2LOOM ...\" \/>\n<meta property=\"og:url\" content=\"https:\/\/einbruch-sicher.com\/led\/vorteile\/5-jahre-garantie\/\" \/>\n<meta property=\"og:site_name\" content=\"LED-Flutlichtstrahler\" \/>\n<meta property=\"article:modified_time\" content=\"2016-04-28T15:11:27+00:00\" \/>\n<meta name=\"twitter:card\" content=\"summary_large_image\" \/>\n<meta name=\"twitter:label1\" content=\"Gesch\u00e4tzte Lesezeit\" \/>\n\t<meta name=\"twitter:data1\" content=\"1\u00a0Minute\" \/>\n<script type=\"application\/ld+json\" class=\"yoast-schema-graph\">{\"@context\":\"https:\/\/schema.org\",\"@graph\":[{\"@type\":\"WebPage\",\"@id\":\"https:\/\/einbruch-sicher.com\/led\/vorteile\/5-jahre-garantie\/\",\"url\":\"https:\/\/einbruch-sicher.com\/led\/vorteile\/5-jahre-garantie\/\",\"name\":\"5 Jahre Garantie - LED-Flutlichtstrahler\",\"isPartOf\":{\"@id\":\"https:\/\/einbruch-sicher.com\/led\/#website\"},\"datePublished\":\"2016-04-16T14:09:50+00:00\",\"dateModified\":\"2016-04-28T15:11:27+00:00\",\"breadcrumb\":{\"@id\":\"https:\/\/einbruch-sicher.com\/led\/vorteile\/5-jahre-garantie\/#breadcrumb\"},\"inLanguage\":\"de\",\"potentialAction\":[{\"@type\":\"ReadAction\",\"target\":[\"https:\/\/einbruch-sicher.com\/led\/vorteile\/5-jahre-garantie\/\"]}]},{\"@type\":\"BreadcrumbList\",\"@id\":\"https:\/\/einbruch-sicher.com\/led\/vorteile\/5-jahre-garantie\/#breadcrumb\",\"itemListElement\":[{\"@type\":\"ListItem\",\"position\":1,\"name\":\"Startseite\",\"item\":\"https:\/\/einbruch-sicher.com\/led\/\"},{\"@type\":\"ListItem\",\"position\":2,\"name\":\"VORTEILE\",\"item\":\"https:\/\/einbruch-sicher.com\/led\/vorteile\/\"},{\"@type\":\"ListItem\",\"position\":3,\"name\":\"5 Jahre Garantie\"}]},{\"@type\":\"WebSite\",\"@id\":\"https:\/\/einbruch-sicher.com\/led\/#website\",\"url\":\"https:\/\/einbruch-sicher.com\/led\/\",\"name\":\"LED-Flutlichtstrahler\",\"description\":\"Eine weitere Falzalarm der Fensteralarm Websites Website\",\"potentialAction\":[{\"@type\":\"SearchAction\",\"target\":{\"@type\":\"EntryPoint\",\"urlTemplate\":\"https:\/\/einbruch-sicher.com\/led\/?s={search_term_string}\"},\"query-input\":\"required name=search_term_string\"}],\"inLanguage\":\"de\"}]}<\/script>\n<!-- \/ Yoast SEO plugin. -->","yoast_head_json":{"title":"5 Jahre Garantie - LED-Flutlichtstrahler","robots":{"index":"index","follow":"follow","max-snippet":"max-snippet:-1","max-image-preview":"max-image-preview:large","max-video-preview":"max-video-preview:-1"},"canonical":"https:\/\/einbruch-sicher.com\/led\/vorteile\/5-jahre-garantie\/","og_locale":"de_DE","og_type":"article","og_title":"5 Jahre Garantie - LED-Flutlichtstrahler","og_description":"[vc_row][vc_column][vc_custom_heading text=&#8220;5 Jahre Garantie&#8220; font_container=&#8220;tag:h1|text_align:left&#8220; use_theme_fonts=&#8220;yes&#8220;][vc_custom_heading text=&#8220;M2LOOM gibt 5 Jahre Garantie auf alle LED-Produkte&#8220; font_container=&#8220;tag:h4|text_align:left&#8220; use_theme_fonts=&#8220;yes&#8220;][vc_column_text] Hervorragendes Know-how, der Einsatz hochwertigster Komponenten und konsequente Qualit\u00e4tssicherung machen sich bezahlt. Deshalb gibt M2LOOM auf LED-Beleuchtung 5 Jahre Garantie. Durch die neueste LED-Technologie lassen sich heute nachhaltige Beleuchtungsl\u00f6sungen realisieren, welche die Energiekosten senken, die Umwelt entlasten und dabei wesentlich mehr Licht erzeugen. M2LOOM gestaltet diesen Wandel mit, um die Erhaltung weltweiter Ressourcen zu unterst\u00fctzen und die Lebensqualit\u00e4t durch Licht zu verbessern. M2LOOM ...","og_url":"https:\/\/einbruch-sicher.com\/led\/vorteile\/5-jahre-garantie\/","og_site_name":"LED-Flutlichtstrahler","article_modified_time":"2016-04-28T15:11:27+00:00","twitter_card":"summary_large_image","twitter_misc":{"Gesch\u00e4tzte Lesezeit":"1\u00a0Minute"},"schema":{"@context":"https:\/\/schema.org","@graph":[{"@type":"WebPage","@id":"https:\/\/einbruch-sicher.com\/led\/vorteile\/5-jahre-garantie\/","url":"https:\/\/einbruch-sicher.com\/led\/vorteile\/5-jahre-garantie\/","name":"5 Jahre Garantie - LED-Flutlichtstrahler","isPartOf":{"@id":"https:\/\/einbruch-sicher.com\/led\/#website"},"datePublished":"2016-04-16T14:09:50+00:00","dateModified":"2016-04-28T15:11:27+00:00","breadcrumb":{"@id":"https:\/\/einbruch-sicher.com\/led\/vorteile\/5-jahre-garantie\/#breadcrumb"},"inLanguage":"de","potentialAction":[{"@type":"ReadAction","target":["https:\/\/einbruch-sicher.com\/led\/vorteile\/5-jahre-garantie\/"]}]},{"@type":"BreadcrumbList","@id":"https:\/\/einbruch-sicher.com\/led\/vorteile\/5-jahre-garantie\/#breadcrumb","itemListElement":[{"@type":"ListItem","position":1,"name":"Startseite","item":"https:\/\/einbruch-sicher.com\/led\/"},{"@type":"ListItem","position":2,"name":"VORTEILE","item":"https:\/\/einbruch-sicher.com\/led\/vorteile\/"},{"@type":"ListItem","position":3,"name":"5 Jahre Garantie"}]},{"@type":"WebSite","@id":"https:\/\/einbruch-sicher.com\/led\/#website","url":"https:\/\/einbruch-sicher.com\/led\/","name":"LED-Flutlichtstrahler","description":"Eine weitere Falzalarm der Fensteralarm Websites Website","potentialAction":[{"@type":"SearchAction","target":{"@type":"EntryPoint","urlTemplate":"https:\/\/einbruch-sicher.com\/led\/?s={search_term_string}"},"query-input":"required name=search_term_string"}],"inLanguage":"de"}]}},"_links":{"self":[{"href":"https:\/\/einbruch-sicher.com\/led\/wp-json\/wp\/v2\/pages\/37"}],"collection":[{"href":"https:\/\/einbruch-sicher.com\/led\/wp-json\/wp\/v2\/pages"}],"about":[{"href":"https:\/\/einbruch-sicher.com\/led\/wp-json\/wp\/v2\/types\/page"}],"author":[{"embeddable":true,"href":"https:\/\/einbruch-sicher.com\/led\/wp-json\/wp\/v2\/users\/2"}],"replies":[{"embeddable":true,"href":"https:\/\/einbruch-sicher.com\/led\/wp-json\/wp\/v2\/comments?post=37"}],"version-history":[{"count":0,"href":"https:\/\/einbruch-sicher.com\/led\/wp-json\/wp\/v2\/pages\/37\/revisions"}],"up":[{"embeddable":true,"href":"https:\/\/einbruch-sicher.com\/led\/wp-json\/wp\/v2\/pages\/22"}],"wp:attachment":[{"href":"https:\/\/einbruch-sicher.com\/led\/wp-json\/wp\/v2\/media?parent=37"}],"curies":[{"name":"wp","href":"https:\/\/api.w.org\/{rel}","templated":true}]}}