{"id":25,"date":"2016-04-16T15:55:56","date_gmt":"2016-04-16T13:55:56","guid":{"rendered":"http:\/\/einbruch-sicher.com\/led\/?page_id=25"},"modified":"2016-04-28T17:12:43","modified_gmt":"2016-04-28T15:12:43","slug":"stromkostenersparnis","status":"publish","type":"page","link":"https:\/\/einbruch-sicher.com\/led\/vorteile\/stromkostenersparnis\/","title":{"rendered":"Stromkostenersparnis"},"content":{"rendered":"[vc_row][vc_column][vc_custom_heading text=&#8220;Stromkostenersparnis&#8220; use_theme_fonts=&#8220;yes&#8220;][vc_column_text]\n<h4>Sparen Sie bis zu 65% Stromkosten<\/h4>\n<p>Mit LED-Beleuchtung von M2LOOM reduzieren Sie Ihren Stromverbrauch um bis zu 65% und sparen damit bares Geld. Im Vergleich zu herk\u00f6mmlicher Beleuchtung ist die LED-Technologie sehr energieeffizient, da sie weniger Energie verbraucht, um dieselbe Lichtleistung zu erzeugen. Au\u00dferdem ist die Lebensdauer einer LED-Lampe bis zu 9-mal h\u00f6her als die einer herk\u00f6mmlichen Lampe.<\/p>\n<h4>Durch die Umstellung Ihres alten Beleuchtungssystems auf LED-Beleuchtung von M2LOOM sparen Sie sofort Geld.<\/h4>\n<p>Der geringe Energieverbrauch und die lange Lebensdauer machen LED-Produkte au\u00dferdem zu einer besonders umweltfreundlichen Beleuchtung. Sie sind \u00fcberaus robust und einfach in der Installation und Wartung. Gleichzeitig vermeiden Sie M\u00fcll, sparen Energie und auf lange Sicht auch viel Geld.<\/p>\n<h4>Lumen und Watt<\/h4>\n<p>Wenn es um den Energieverbrauch einer Lichtquelle geht, sind Lumen und Watt wichtige Konzepte. Ein LED-Licht verbraucht viel weniger Energie (Watt), um die gleiche Lichtleistung (Lumen) zu erzeugen.<\/p>\n<p>Die Wattzahl gibt an, wie viel Energie eine Lampe ben\u00f6tigt, nicht wie hell eine Lampe ist. LED-Lampen k\u00f6nnen mit weniger Energie die gleiche Helligkeit wie herk\u00f6mmliche Lampen erzeugen.<\/p>\n<p>Wenn es um die Helligkeit einer Lampe geht, achten Sie auf den Lumenwert. Je h\u00f6her der Lumenwert einer Lampe, desto mehr Licht wird abgegeben. So l\u00e4sst sich die Helligkeit verschiedener Lampen einfach vergleichen.[\/vc_column_text][\/vc_column][\/vc_row]\n","protected":false},"excerpt":{"rendered":"<p>[vc_row][vc_column][vc_custom_heading text=&#8220;Stromkostenersparnis&#8220; use_theme_fonts=&#8220;yes&#8220;][vc_column_text]<br \/>\nSparen Sie bis zu 65% Stromkosten<br \/>\nMit LED-Beleuchtung von M2LOOM reduzieren Sie Ihren Stromverbrauch um bis zu 65% und sparen damit bares Geld. Im Vergleich zu herk\u00f6mmlicher Beleuchtung ist die LED-Technologie sehr energieeffizient, da sie weniger Energie verbraucht, um dieselbe Lichtleistung zu erzeugen. Au\u00dferdem ist die Lebensdauer einer LED-Lampe bis zu 9-mal h\u00f6her als die einer herk\u00f6mmlichen Lampe.<br \/>\nDurch die Umstellung Ihres alten Beleuchtungssystems auf LED-Beleuchtung von M2LOOM sparen Sie sofort Geld.<br \/>\nDer geringe Energieverbrauch und die &#8230;<\/p>\n","protected":false},"author":2,"featured_media":0,"parent":22,"menu_order":0,"comment_status":"closed","ping_status":"closed","template":"template_leftnav.php","meta":[],"yoast_head":"<!-- This site is optimized with the Yoast SEO plugin v20.4 - https:\/\/yoast.com\/wordpress\/plugins\/seo\/ -->\n<title>Stromkostenersparnis - LED-Flutlichtstrahler<\/title>\n<meta name=\"robots\" content=\"index, follow, max-snippet:-1, max-image-preview:large, max-video-preview:-1\" \/>\n<link rel=\"canonical\" href=\"https:\/\/einbruch-sicher.com\/led\/vorteile\/stromkostenersparnis\/\" \/>\n<meta property=\"og:locale\" content=\"de_DE\" \/>\n<meta property=\"og:type\" content=\"article\" \/>\n<meta property=\"og:title\" content=\"Stromkostenersparnis - LED-Flutlichtstrahler\" \/>\n<meta property=\"og:description\" content=\"[vc_row][vc_column][vc_custom_heading text=&#8220;Stromkostenersparnis&#8220; use_theme_fonts=&#8220;yes&#8220;][vc_column_text] Sparen Sie bis zu 65% Stromkosten Mit LED-Beleuchtung von M2LOOM reduzieren Sie Ihren Stromverbrauch um bis zu 65% und sparen damit bares Geld. Im Vergleich zu herk\u00f6mmlicher Beleuchtung ist die LED-Technologie sehr energieeffizient, da sie weniger Energie verbraucht, um dieselbe Lichtleistung zu erzeugen. Au\u00dferdem ist die Lebensdauer einer LED-Lampe bis zu 9-mal h\u00f6her als die einer herk\u00f6mmlichen Lampe. Durch die Umstellung Ihres alten Beleuchtungssystems auf LED-Beleuchtung von M2LOOM sparen Sie sofort Geld. Der geringe Energieverbrauch und die ...\" \/>\n<meta property=\"og:url\" content=\"https:\/\/einbruch-sicher.com\/led\/vorteile\/stromkostenersparnis\/\" \/>\n<meta property=\"og:site_name\" content=\"LED-Flutlichtstrahler\" \/>\n<meta property=\"article:modified_time\" content=\"2016-04-28T15:12:43+00:00\" \/>\n<meta name=\"twitter:card\" content=\"summary_large_image\" \/>\n<meta name=\"twitter:label1\" content=\"Gesch\u00e4tzte Lesezeit\" \/>\n\t<meta name=\"twitter:data1\" content=\"1\u00a0Minute\" \/>\n<script type=\"application\/ld+json\" class=\"yoast-schema-graph\">{\"@context\":\"https:\/\/schema.org\",\"@graph\":[{\"@type\":\"WebPage\",\"@id\":\"https:\/\/einbruch-sicher.com\/led\/vorteile\/stromkostenersparnis\/\",\"url\":\"https:\/\/einbruch-sicher.com\/led\/vorteile\/stromkostenersparnis\/\",\"name\":\"Stromkostenersparnis - LED-Flutlichtstrahler\",\"isPartOf\":{\"@id\":\"https:\/\/einbruch-sicher.com\/led\/#website\"},\"datePublished\":\"2016-04-16T13:55:56+00:00\",\"dateModified\":\"2016-04-28T15:12:43+00:00\",\"breadcrumb\":{\"@id\":\"https:\/\/einbruch-sicher.com\/led\/vorteile\/stromkostenersparnis\/#breadcrumb\"},\"inLanguage\":\"de\",\"potentialAction\":[{\"@type\":\"ReadAction\",\"target\":[\"https:\/\/einbruch-sicher.com\/led\/vorteile\/stromkostenersparnis\/\"]}]},{\"@type\":\"BreadcrumbList\",\"@id\":\"https:\/\/einbruch-sicher.com\/led\/vorteile\/stromkostenersparnis\/#breadcrumb\",\"itemListElement\":[{\"@type\":\"ListItem\",\"position\":1,\"name\":\"Startseite\",\"item\":\"https:\/\/einbruch-sicher.com\/led\/\"},{\"@type\":\"ListItem\",\"position\":2,\"name\":\"VORTEILE\",\"item\":\"https:\/\/einbruch-sicher.com\/led\/vorteile\/\"},{\"@type\":\"ListItem\",\"position\":3,\"name\":\"Stromkostenersparnis\"}]},{\"@type\":\"WebSite\",\"@id\":\"https:\/\/einbruch-sicher.com\/led\/#website\",\"url\":\"https:\/\/einbruch-sicher.com\/led\/\",\"name\":\"LED-Flutlichtstrahler\",\"description\":\"Eine weitere Falzalarm der Fensteralarm Websites Website\",\"potentialAction\":[{\"@type\":\"SearchAction\",\"target\":{\"@type\":\"EntryPoint\",\"urlTemplate\":\"https:\/\/einbruch-sicher.com\/led\/?s={search_term_string}\"},\"query-input\":\"required name=search_term_string\"}],\"inLanguage\":\"de\"}]}<\/script>\n<!-- \/ Yoast SEO plugin. -->","yoast_head_json":{"title":"Stromkostenersparnis - LED-Flutlichtstrahler","robots":{"index":"index","follow":"follow","max-snippet":"max-snippet:-1","max-image-preview":"max-image-preview:large","max-video-preview":"max-video-preview:-1"},"canonical":"https:\/\/einbruch-sicher.com\/led\/vorteile\/stromkostenersparnis\/","og_locale":"de_DE","og_type":"article","og_title":"Stromkostenersparnis - LED-Flutlichtstrahler","og_description":"[vc_row][vc_column][vc_custom_heading text=&#8220;Stromkostenersparnis&#8220; use_theme_fonts=&#8220;yes&#8220;][vc_column_text] Sparen Sie bis zu 65% Stromkosten Mit LED-Beleuchtung von M2LOOM reduzieren Sie Ihren Stromverbrauch um bis zu 65% und sparen damit bares Geld. Im Vergleich zu herk\u00f6mmlicher Beleuchtung ist die LED-Technologie sehr energieeffizient, da sie weniger Energie verbraucht, um dieselbe Lichtleistung zu erzeugen. Au\u00dferdem ist die Lebensdauer einer LED-Lampe bis zu 9-mal h\u00f6her als die einer herk\u00f6mmlichen Lampe. Durch die Umstellung Ihres alten Beleuchtungssystems auf LED-Beleuchtung von M2LOOM sparen Sie sofort Geld. Der geringe Energieverbrauch und die ...","og_url":"https:\/\/einbruch-sicher.com\/led\/vorteile\/stromkostenersparnis\/","og_site_name":"LED-Flutlichtstrahler","article_modified_time":"2016-04-28T15:12:43+00:00","twitter_card":"summary_large_image","twitter_misc":{"Gesch\u00e4tzte Lesezeit":"1\u00a0Minute"},"schema":{"@context":"https:\/\/schema.org","@graph":[{"@type":"WebPage","@id":"https:\/\/einbruch-sicher.com\/led\/vorteile\/stromkostenersparnis\/","url":"https:\/\/einbruch-sicher.com\/led\/vorteile\/stromkostenersparnis\/","name":"Stromkostenersparnis - LED-Flutlichtstrahler","isPartOf":{"@id":"https:\/\/einbruch-sicher.com\/led\/#website"},"datePublished":"2016-04-16T13:55:56+00:00","dateModified":"2016-04-28T15:12:43+00:00","breadcrumb":{"@id":"https:\/\/einbruch-sicher.com\/led\/vorteile\/stromkostenersparnis\/#breadcrumb"},"inLanguage":"de","potentialAction":[{"@type":"ReadAction","target":["https:\/\/einbruch-sicher.com\/led\/vorteile\/stromkostenersparnis\/"]}]},{"@type":"BreadcrumbList","@id":"https:\/\/einbruch-sicher.com\/led\/vorteile\/stromkostenersparnis\/#breadcrumb","itemListElement":[{"@type":"ListItem","position":1,"name":"Startseite","item":"https:\/\/einbruch-sicher.com\/led\/"},{"@type":"ListItem","position":2,"name":"VORTEILE","item":"https:\/\/einbruch-sicher.com\/led\/vorteile\/"},{"@type":"ListItem","position":3,"name":"Stromkostenersparnis"}]},{"@type":"WebSite","@id":"https:\/\/einbruch-sicher.com\/led\/#website","url":"https:\/\/einbruch-sicher.com\/led\/","name":"LED-Flutlichtstrahler","description":"Eine weitere Falzalarm der Fensteralarm Websites Website","potentialAction":[{"@type":"SearchAction","target":{"@type":"EntryPoint","urlTemplate":"https:\/\/einbruch-sicher.com\/led\/?s={search_term_string}"},"query-input":"required name=search_term_string"}],"inLanguage":"de"}]}},"_links":{"self":[{"href":"https:\/\/einbruch-sicher.com\/led\/wp-json\/wp\/v2\/pages\/25"}],"collection":[{"href":"https:\/\/einbruch-sicher.com\/led\/wp-json\/wp\/v2\/pages"}],"about":[{"href":"https:\/\/einbruch-sicher.com\/led\/wp-json\/wp\/v2\/types\/page"}],"author":[{"embeddable":true,"href":"https:\/\/einbruch-sicher.com\/led\/wp-json\/wp\/v2\/users\/2"}],"replies":[{"embeddable":true,"href":"https:\/\/einbruch-sicher.com\/led\/wp-json\/wp\/v2\/comments?post=25"}],"version-history":[{"count":0,"href":"https:\/\/einbruch-sicher.com\/led\/wp-json\/wp\/v2\/pages\/25\/revisions"}],"up":[{"embeddable":true,"href":"https:\/\/einbruch-sicher.com\/led\/wp-json\/wp\/v2\/pages\/22"}],"wp:attachment":[{"href":"https:\/\/einbruch-sicher.com\/led\/wp-json\/wp\/v2\/media?parent=25"}],"curies":[{"name":"wp","href":"https:\/\/api.w.org\/{rel}","templated":true}]}}