{"id":99,"date":"2014-02-10T20:12:18","date_gmt":"2014-02-10T18:12:18","guid":{"rendered":"http:\/\/winflip.nutznetze.de\/?page_id=13"},"modified":"2018-05-25T21:16:15","modified_gmt":"2018-05-25T19:16:15","slug":"home","status":"publish","type":"page","link":"https:\/\/einbruch-sicher.com\/cleverlueften\/","title":{"rendered":"WINFLIP &#8211; Clever-Lueften"},"content":{"rendered":"[vc_row][vc_column][vc_column_text]\n<p style=\"text-align: center;\"><em><strong>Sie<\/strong><\/em>\u00a0haben vergessen das gekippte Fenster zu schlie\u00dfen?<br \/>\n<em><strong>WINFLIP<\/strong><\/em> schlie\u00dft und verriegelt das Fenster f\u00fcr Sie <strong>automatisch <\/strong>ohne Strom! <a title=\"WINFLIP Film\" href=\"http:\/\/cleverlueften.com\/broschuere-filme\/winflip-imagefilm\/\">Produktfilm<\/a><\/p>\n[\/vc_column_text]<div class=\"true-image-box-2  DEDAJmMj\"><div class=\"true-img-wrap\"><img width=\"1024\" height=\"683\" src=\"https:\/\/einbruch-sicher.com\/cleverlueften\/wp-content\/uploads\/sites\/4\/2014\/08\/Fotolia_25327018_L-1024x683.jpg\" class=\"attachment-large size-large\" alt=\"\" decoding=\"async\" loading=\"lazy\" srcset=\"https:\/\/einbruch-sicher.com\/cleverlueften\/wp-content\/uploads\/sites\/4\/2014\/08\/Fotolia_25327018_L-1024x683.jpg 1024w, https:\/\/einbruch-sicher.com\/cleverlueften\/wp-content\/uploads\/sites\/4\/2014\/08\/Fotolia_25327018_L-300x200.jpg 300w, https:\/\/einbruch-sicher.com\/cleverlueften\/wp-content\/uploads\/sites\/4\/2014\/08\/Fotolia_25327018_L-768x512.jpg 768w\" sizes=\"(max-width: 1024px) 100vw, 1024px\" \/><\/div><div class=\"true-text-wrap\"><span class=\"icon-circ-wrap\"><i class=\"true-custom-icon fa fa fa-exclamation\"><\/i><\/span><div class=\"callout-details-wrap\">\n<p style=\"text-align: center;\"><strong>Jeder kennt das Problem:<\/strong><\/p>\n<p style=\"text-align: center;\"><em>Man vergisst das gekippte Fenster in WC, Bad, Schlafzimmer und K\u00fcche zu schlie\u00dfen und der Raum k\u00fchlt stark aus.<br \/>\n<\/em><em>Die Heizung ist oft zus\u00e4tzlich an und man \u00e4rgert sich, das Geld zum Fenster hinaus geheizt zu haben. (<a title=\"W\u00e4rmeschaubild\" href=\"http:\/\/cleverlueften.com\/wp-content\/uploads\/2014\/09\/W%C3%A4rmebild-Kippfenster.png\">W\u00e4rmeschaubild<\/a>)<\/em><\/p>\n<\/div><\/div><\/div>[vc_empty_space height=&#8220;15px&#8220;][vc_column_text]\n<p style=\"text-align: center;\">Gezielt L\u00fcften statt Dauerkippen spart enorm Heizkosten! \u2013 Wartungsfrei \u2013 ohne Strom inkl. Einbruchschutz<\/p>\n[\/vc_column_text][\/vc_column][\/vc_row][vc_row][vc_column][vc_empty_space][\/vc_column][\/vc_row][vc_row][vc_column][vc_column_text]\n<h5 style=\"text-align: center;\"><strong>WINFLIP\u00ae rechnet sich in kurzer Zeit!<\/strong><\/h5>\n<p style=\"text-align: center;\"><em>Neben den zahlreichen Vorteilen, die das Leben angenehmer machen, amortisiert sich WINFLIP\u00ae typischerweise schon in 1\u20132 Jahren alleine durch die Energieeinsparung.\u00a0<\/em><\/p>\n[\/vc_column_text][vc_single_image image=&#8220;79&#8243; img_size=&#8220;large&#8220; alignment=&#8220;center&#8220;][vc_column_text]\n<h5 style=\"text-align: center;\"><strong>Barrierefreiheiheit jetzt endlich auch beim L\u00fcften!<\/strong><\/h5>\n[\/vc_column_text][\/vc_column][\/vc_row][vc_row][vc_column][vc_column_text]\n<p style=\"text-align: center;\"><em>Denn mit WINFLIP\u00a0k\u00f6nnen Menschen auch vom Rollstuhl aus mit einem einfachen Zug l\u00fcften \u2013 schmerzfrei und ohne fremde Hilfe. Mit dem speziellen Reha-Ergogriff geht das sogar bis ins hohe Alter einfach und auch schmerzfrei. Zus\u00e4tzlich werden ausgek\u00fchlte R\u00e4ume vermieden, enorm viel Heizkosten gespart und die Einbruchsgefahr wird minimiert. Winflip schenkt Unabh\u00e4ngigkeit f\u00fcr alle Menschen, die sich noch selbst zum Fenster bewegen k\u00f6nnen. Und f\u00fcr Menschen, die gepflegt werden bringt WINFLIP\u00a0gezielt frische Luft und beseitigt Ger\u00fcche, denn der einfache Zug an der WINFLIP-Leine geht nebenbei und kostet der Pflegekraft keine Zeit. Sicher geschlossen und verriegelt wird das Fenster sp\u00e4ter von WINFLIP, da braucht die Pflegekraft nicht mehr anwesend zu sein.<\/em><\/p>\n<p style=\"text-align: center;\"><strong>Bereits ab Pflegestufe \u201e0\u201c werden die Kosten in der Regel zu 100% von den Pflegeversicherungen \u00fcbernommen!<\/strong><\/p>\n[\/vc_column_text][\/vc_column][\/vc_row]\n","protected":false},"excerpt":{"rendered":"<p>[vc_row][vc_column][vc_column_text]<br \/>\nSie\u00a0haben vergessen das gekippte Fenster zu schlie\u00dfen?<br \/>\nWINFLIP schlie\u00dft und verriegelt das Fenster f\u00fcr Sie automatisch ohne Strom! Produktfilm<br \/>\n[\/vc_column_text][vc_empty_space height=&#8220;15px&#8220;][vc_column_text]<br \/>\nGezielt L\u00fcften statt Dauerkippen spart enorm Heizkosten! \u2013 Wartungsfrei \u2013 ohne Strom inkl. Einbruchschutz<br \/>\n[\/vc_column_text][\/vc_column][\/vc_row][vc_row][vc_column][vc_empty_space][\/vc_column][\/vc_row][vc_row][vc_column][vc_column_text]<br \/>\nWINFLIP\u00ae rechnet sich in kurzer Zeit!<br \/>\nNeben den zahlreichen Vorteilen, die das Leben angenehmer machen, amortisiert sich WINFLIP\u00ae typischerweise schon in 1\u20132 Jahren alleine durch die Energieeinsparung.\u00a0<br \/>\n[\/vc_column_text][vc_single_image image=&#8220;79&#8243; img_size=&#8220;large&#8220; alignment=&#8220;center&#8220;][vc_column_text]<br \/>\nBarrierefreiheiheit jetzt endlich auch beim L\u00fcften!<br \/>\n[\/vc_column_text][\/vc_column][\/vc_row][vc_row][vc_column][vc_column_text]<br \/>\nDenn mit WINFLIP\u00a0k\u00f6nnen Menschen auch &#8230;<\/p>\n","protected":false},"author":1,"featured_media":0,"parent":0,"menu_order":0,"comment_status":"closed","ping_status":"closed","template":"template-full-width.php","meta":[],"yoast_head":"<!-- This site is optimized with the Yoast SEO plugin v20.4 - https:\/\/yoast.com\/wordpress\/plugins\/seo\/ -->\n<title>WINFLIP schlie\u00dft und verriegelt das Fenster ganz automatisch!<\/title>\n<meta name=\"description\" content=\"WINFLIP, Fensterschlie\u00dfer, clever-lueften, cleverlueften, Einbruch minimieren, Energie sparen, Barrierefreiheit, Pflegeerleichterung, clever l\u00fcften,\" \/>\n<meta name=\"robots\" content=\"index, follow, max-snippet:-1, max-image-preview:large, max-video-preview:-1\" \/>\n<link rel=\"canonical\" href=\"https:\/\/einbruch-sicher.com\/cleverlueften\/\" \/>\n<meta property=\"og:locale\" content=\"de_DE\" \/>\n<meta property=\"og:type\" content=\"article\" \/>\n<meta property=\"og:title\" content=\"WINFLIP schlie\u00dft und verriegelt das Fenster ganz automatisch!\" \/>\n<meta property=\"og:description\" content=\"WINFLIP, Fensterschlie\u00dfer, clever-lueften, cleverlueften, Einbruch minimieren, Energie sparen, Barrierefreiheit, Pflegeerleichterung, clever l\u00fcften,\" \/>\n<meta property=\"og:url\" content=\"https:\/\/einbruch-sicher.com\/cleverlueften\/\" \/>\n<meta property=\"og:site_name\" content=\"WINFLIP\" \/>\n<meta property=\"article:modified_time\" content=\"2018-05-25T19:16:15+00:00\" \/>\n<meta name=\"twitter:card\" content=\"summary_large_image\" \/>\n<meta name=\"twitter:label1\" content=\"Gesch\u00e4tzte Lesezeit\" \/>\n\t<meta name=\"twitter:data1\" content=\"2\u00a0Minuten\" \/>\n<script type=\"application\/ld+json\" class=\"yoast-schema-graph\">{\"@context\":\"https:\/\/schema.org\",\"@graph\":[{\"@type\":\"WebPage\",\"@id\":\"https:\/\/einbruch-sicher.com\/cleverlueften\/\",\"url\":\"https:\/\/einbruch-sicher.com\/cleverlueften\/\",\"name\":\"WINFLIP schlie\u00dft und verriegelt das Fenster ganz automatisch!\",\"isPartOf\":{\"@id\":\"https:\/\/einbruch-sicher.com\/cleverlueften\/#website\"},\"datePublished\":\"2014-02-10T18:12:18+00:00\",\"dateModified\":\"2018-05-25T19:16:15+00:00\",\"description\":\"WINFLIP, Fensterschlie\u00dfer, clever-lueften, cleverlueften, Einbruch minimieren, Energie sparen, Barrierefreiheit, Pflegeerleichterung, clever l\u00fcften,\",\"breadcrumb\":{\"@id\":\"https:\/\/einbruch-sicher.com\/cleverlueften\/#breadcrumb\"},\"inLanguage\":\"de\",\"potentialAction\":[{\"@type\":\"ReadAction\",\"target\":[\"https:\/\/einbruch-sicher.com\/cleverlueften\/\"]}]},{\"@type\":\"BreadcrumbList\",\"@id\":\"https:\/\/einbruch-sicher.com\/cleverlueften\/#breadcrumb\",\"itemListElement\":[{\"@type\":\"ListItem\",\"position\":1,\"name\":\"Home\",\"item\":\"https:\/\/einbruch-sicher.com\/cleverlueften\/\"},{\"@type\":\"ListItem\",\"position\":2,\"name\":\"WINFLIP &#8211; Clever-Lueften\"}]},{\"@type\":\"WebSite\",\"@id\":\"https:\/\/einbruch-sicher.com\/cleverlueften\/#website\",\"url\":\"https:\/\/einbruch-sicher.com\/cleverlueften\/\",\"name\":\"WINFLIP\",\"description\":\"Frische Luft mit nur einem Zug \u2013 ohne Strom!\",\"potentialAction\":[{\"@type\":\"SearchAction\",\"target\":{\"@type\":\"EntryPoint\",\"urlTemplate\":\"https:\/\/einbruch-sicher.com\/cleverlueften\/?s={search_term_string}\"},\"query-input\":\"required name=search_term_string\"}],\"inLanguage\":\"de\"}]}<\/script>\n<!-- \/ Yoast SEO plugin. -->","yoast_head_json":{"title":"WINFLIP schlie\u00dft und verriegelt das Fenster ganz automatisch!","description":"WINFLIP, Fensterschlie\u00dfer, clever-lueften, cleverlueften, Einbruch minimieren, Energie sparen, Barrierefreiheit, Pflegeerleichterung, clever l\u00fcften,","robots":{"index":"index","follow":"follow","max-snippet":"max-snippet:-1","max-image-preview":"max-image-preview:large","max-video-preview":"max-video-preview:-1"},"canonical":"https:\/\/einbruch-sicher.com\/cleverlueften\/","og_locale":"de_DE","og_type":"article","og_title":"WINFLIP schlie\u00dft und verriegelt das Fenster ganz automatisch!","og_description":"WINFLIP, Fensterschlie\u00dfer, clever-lueften, cleverlueften, Einbruch minimieren, Energie sparen, Barrierefreiheit, Pflegeerleichterung, clever l\u00fcften,","og_url":"https:\/\/einbruch-sicher.com\/cleverlueften\/","og_site_name":"WINFLIP","article_modified_time":"2018-05-25T19:16:15+00:00","twitter_card":"summary_large_image","twitter_misc":{"Gesch\u00e4tzte Lesezeit":"2\u00a0Minuten"},"schema":{"@context":"https:\/\/schema.org","@graph":[{"@type":"WebPage","@id":"https:\/\/einbruch-sicher.com\/cleverlueften\/","url":"https:\/\/einbruch-sicher.com\/cleverlueften\/","name":"WINFLIP schlie\u00dft und verriegelt das Fenster ganz automatisch!","isPartOf":{"@id":"https:\/\/einbruch-sicher.com\/cleverlueften\/#website"},"datePublished":"2014-02-10T18:12:18+00:00","dateModified":"2018-05-25T19:16:15+00:00","description":"WINFLIP, Fensterschlie\u00dfer, clever-lueften, cleverlueften, Einbruch minimieren, Energie sparen, Barrierefreiheit, Pflegeerleichterung, clever l\u00fcften,","breadcrumb":{"@id":"https:\/\/einbruch-sicher.com\/cleverlueften\/#breadcrumb"},"inLanguage":"de","potentialAction":[{"@type":"ReadAction","target":["https:\/\/einbruch-sicher.com\/cleverlueften\/"]}]},{"@type":"BreadcrumbList","@id":"https:\/\/einbruch-sicher.com\/cleverlueften\/#breadcrumb","itemListElement":[{"@type":"ListItem","position":1,"name":"Home","item":"https:\/\/einbruch-sicher.com\/cleverlueften\/"},{"@type":"ListItem","position":2,"name":"WINFLIP &#8211; Clever-Lueften"}]},{"@type":"WebSite","@id":"https:\/\/einbruch-sicher.com\/cleverlueften\/#website","url":"https:\/\/einbruch-sicher.com\/cleverlueften\/","name":"WINFLIP","description":"Frische Luft mit nur einem Zug \u2013 ohne Strom!","potentialAction":[{"@type":"SearchAction","target":{"@type":"EntryPoint","urlTemplate":"https:\/\/einbruch-sicher.com\/cleverlueften\/?s={search_term_string}"},"query-input":"required name=search_term_string"}],"inLanguage":"de"}]}},"_links":{"self":[{"href":"https:\/\/einbruch-sicher.com\/cleverlueften\/wp-json\/wp\/v2\/pages\/99"}],"collection":[{"href":"https:\/\/einbruch-sicher.com\/cleverlueften\/wp-json\/wp\/v2\/pages"}],"about":[{"href":"https:\/\/einbruch-sicher.com\/cleverlueften\/wp-json\/wp\/v2\/types\/page"}],"author":[{"embeddable":true,"href":"https:\/\/einbruch-sicher.com\/cleverlueften\/wp-json\/wp\/v2\/users\/1"}],"replies":[{"embeddable":true,"href":"https:\/\/einbruch-sicher.com\/cleverlueften\/wp-json\/wp\/v2\/comments?post=99"}],"version-history":[{"count":1,"href":"https:\/\/einbruch-sicher.com\/cleverlueften\/wp-json\/wp\/v2\/pages\/99\/revisions"}],"predecessor-version":[{"id":1016,"href":"https:\/\/einbruch-sicher.com\/cleverlueften\/wp-json\/wp\/v2\/pages\/99\/revisions\/1016"}],"wp:attachment":[{"href":"https:\/\/einbruch-sicher.com\/cleverlueften\/wp-json\/wp\/v2\/media?parent=99"}],"curies":[{"name":"wp","href":"https:\/\/api.w.org\/{rel}","templated":true}]}}