{"id":723,"date":"2014-08-05T14:10:38","date_gmt":"2014-08-05T12:10:38","guid":{"rendered":"http:\/\/cleverlueften.com\/?page_id=723"},"modified":"2014-08-05T14:10:38","modified_gmt":"2014-08-05T12:10:38","slug":"einbruchsgefahr-minimieren","status":"publish","type":"page","link":"https:\/\/einbruch-sicher.com\/cleverlueften\/ist-winflip\/einbruchsgefahr-minimieren\/","title":{"rendered":"Einbruchsgefahr minimieren"},"content":{"rendered":"<h3 id=\"cc-m-header-5563230663\" style=\"color: #666666\">Wissen Sie, dass alle 2 Minuten in Deutschland eingebrochen wird!<br \/>\nDauerkippen vermeiden = Einbruchsgefahr enorm minimieren<\/h3>\n<p><img decoding=\"async\" loading=\"lazy\" class=\"alignnone size-full wp-image-724\" src=\"http:\/\/einbruch-sicher.com\/cleverlueften\/wp-content\/uploads\/sites\/4\/2014\/08\/image-3.jpg\" alt=\"einbruch\" width=\"216\" height=\"134\" \/><\/p>\n<p style=\"color: #666666\">W\u00fcrden Sie gerne die Einbruchsgefahr bei Ihnen zu Hause effektiv minimieren und nebenbei Ihre Heizkosten senken?<br \/>\nGekippte Fenster werden oft vergessen oder bewusst zu lange offen gelassen.<br \/>\nDadurch werden nicht nur Einbrecher angelockt, sondern es wird auch enorm viel Geld beim Fenster hinaus geheizt.<br \/>\nExperten meinen, man soll 3-4 mal pro Tag Sto\u00dfl\u00fcften, doch das ist meistens nicht machbar und alles andere als Sicher.<\/p>\n<p style=\"color: #666666\">Schlie\u00dflich werden auch v\u00f6llig offene Fl\u00fcgel vergessen.<br \/>\nZu leicht fallen Kinder aus dem offenen Fenster und ebenerdig k\u00f6nnen Einbrecher direkt ohne Werkzeug einsteigen.<\/p>\n<p style=\"color: #666666\">Mit WINFLIP\u00a0k\u00f6nnen Sie ganz einfach und sicher l\u00fcften und d\u00fcrfen das gekippte Fenster ruhig vergessen. Optional gibt es WINFLIP\u00a0mit selbstaktivierendem Alarmsystem, selbstverst\u00e4ndlich mit <a title=\"VdS-Zertifiziert\" href=\"http:\/\/vds.de\/de\/zertifizierungen\/verzeichnisse\/vds-anerkennungen\/\" target=\"_blank\">VdS-Zertifikat<\/a>. Und f\u00fcr alle anderen Fenster (ohne WINFLIP) gibt es ebenfalls ein revolution\u00e4res, selbstaktivierendes Alarmsystem, das sogar schon bei gekipptem Fenster scharf ist.<\/p>\n<p style=\"color: #666666\"><img decoding=\"async\" loading=\"lazy\" class=\"alignnone wp-image-725\" src=\"http:\/\/einbruch-sicher.com\/cleverlueften\/wp-content\/uploads\/sites\/4\/2014\/08\/sicherheit-beginnt-dabei-fenster-nicht-l\u00e4nger-als-n\u00f6tig-offen-zu-lassen-winflip-verhindert-dauerkippen-und-senkt-die-nicht-nur-einbruchsgefahr-sondern-auch-ihre-heizkosten-enorm-300x199.jpg\" alt=\"sicherheit\" width=\"362\" height=\"240\" \/><\/p>\n<p style=\"color: #666666\">Sicherheit beginnt dabei, Fenster nicht l\u00e4nger als n\u00f6tig offen zu lassen.<br \/>\nWINFLIP\u00a0verhindert Dauerkippen und senkt die nicht nur Einbruchsgefahr, sondern auch Ihre Heizkosten enorm!<\/p>\n<p style=\"color: #666666\"><strong>WINFLIP k\u00f6nnen Sie\u00a0<a style=\"color: #333333\" title=\"Hier im Shop\" href=\"http:\/\/falzalarm.de\/shop\/\">hier im Shop<\/a>\u00a0bequem per Rechnung bestellen.<\/strong><\/p>\n","protected":false},"excerpt":{"rendered":"<p>Wissen Sie, dass alle 2 Minuten in Deutschland eingebrochen wird!<br \/>\nDauerkippen vermeiden = Einbruchsgefahr enorm minimieren<\/p>\n<p>W\u00fcrden Sie gerne die Einbruchsgefahr bei Ihnen zu Hause effektiv minimieren und nebenbei Ihre Heizkosten senken?<br \/>\nGekippte Fenster werden oft vergessen oder bewusst zu lange offen gelassen.<br \/>\nDadurch werden nicht nur Einbrecher angelockt, sondern es wird auch enorm viel Geld beim Fenster hinaus geheizt.<br \/>\nExperten meinen, man soll 3-4 mal pro Tag Sto\u00dfl\u00fcften, doch das ist meistens nicht machbar und alles andere als &#8230;<\/p>\n","protected":false},"author":1,"featured_media":0,"parent":113,"menu_order":0,"comment_status":"closed","ping_status":"closed","template":"template_leftnav.php","meta":[],"yoast_head":"<!-- This site is optimized with the Yoast SEO plugin v20.4 - https:\/\/yoast.com\/wordpress\/plugins\/seo\/ -->\n<title>WINFLIP - Einbruchsgefahr minimieren<\/title>\n<meta name=\"description\" content=\"Einbruch minimieren, Energie sparen, Barrierefreiheit, Pflegeerleichterung, clever-lueften, cleverlueften, winflip\" \/>\n<meta name=\"robots\" content=\"index, follow, max-snippet:-1, max-image-preview:large, max-video-preview:-1\" \/>\n<link rel=\"canonical\" href=\"https:\/\/einbruch-sicher.com\/cleverlueften\/ist-winflip\/einbruchsgefahr-minimieren\/\" \/>\n<meta property=\"og:locale\" content=\"de_DE\" \/>\n<meta property=\"og:type\" content=\"article\" \/>\n<meta property=\"og:title\" content=\"WINFLIP - Einbruchsgefahr minimieren\" \/>\n<meta property=\"og:description\" content=\"Einbruch minimieren, Energie sparen, Barrierefreiheit, Pflegeerleichterung, clever-lueften, cleverlueften, winflip\" \/>\n<meta property=\"og:url\" content=\"https:\/\/einbruch-sicher.com\/cleverlueften\/ist-winflip\/einbruchsgefahr-minimieren\/\" \/>\n<meta property=\"og:site_name\" content=\"WINFLIP\" \/>\n<meta property=\"og:image\" content=\"http:\/\/einbruch-sicher.com\/cleverlueften\/wp-content\/uploads\/sites\/4\/2014\/08\/image-3.jpg\" \/>\n<meta name=\"twitter:card\" content=\"summary_large_image\" \/>\n<meta name=\"twitter:label1\" content=\"Gesch\u00e4tzte Lesezeit\" \/>\n\t<meta name=\"twitter:data1\" content=\"1\u00a0Minute\" \/>\n<script type=\"application\/ld+json\" class=\"yoast-schema-graph\">{\"@context\":\"https:\/\/schema.org\",\"@graph\":[{\"@type\":\"WebPage\",\"@id\":\"https:\/\/einbruch-sicher.com\/cleverlueften\/ist-winflip\/einbruchsgefahr-minimieren\/\",\"url\":\"https:\/\/einbruch-sicher.com\/cleverlueften\/ist-winflip\/einbruchsgefahr-minimieren\/\",\"name\":\"WINFLIP - Einbruchsgefahr minimieren\",\"isPartOf\":{\"@id\":\"https:\/\/einbruch-sicher.com\/cleverlueften\/#website\"},\"datePublished\":\"2014-08-05T12:10:38+00:00\",\"dateModified\":\"2014-08-05T12:10:38+00:00\",\"description\":\"Einbruch minimieren, Energie sparen, Barrierefreiheit, Pflegeerleichterung, clever-lueften, cleverlueften, winflip\",\"breadcrumb\":{\"@id\":\"https:\/\/einbruch-sicher.com\/cleverlueften\/ist-winflip\/einbruchsgefahr-minimieren\/#breadcrumb\"},\"inLanguage\":\"de\",\"potentialAction\":[{\"@type\":\"ReadAction\",\"target\":[\"https:\/\/einbruch-sicher.com\/cleverlueften\/ist-winflip\/einbruchsgefahr-minimieren\/\"]}]},{\"@type\":\"BreadcrumbList\",\"@id\":\"https:\/\/einbruch-sicher.com\/cleverlueften\/ist-winflip\/einbruchsgefahr-minimieren\/#breadcrumb\",\"itemListElement\":[{\"@type\":\"ListItem\",\"position\":1,\"name\":\"Home\",\"item\":\"https:\/\/einbruch-sicher.com\/cleverlueften\/\"},{\"@type\":\"ListItem\",\"position\":2,\"name\":\"Was ist WINFLIP\",\"item\":\"https:\/\/einbruch-sicher.com\/cleverlueften\/ist-winflip\/\"},{\"@type\":\"ListItem\",\"position\":3,\"name\":\"Einbruchsgefahr minimieren\"}]},{\"@type\":\"WebSite\",\"@id\":\"https:\/\/einbruch-sicher.com\/cleverlueften\/#website\",\"url\":\"https:\/\/einbruch-sicher.com\/cleverlueften\/\",\"name\":\"WINFLIP\",\"description\":\"Frische Luft mit nur einem Zug \u2013 ohne Strom!\",\"potentialAction\":[{\"@type\":\"SearchAction\",\"target\":{\"@type\":\"EntryPoint\",\"urlTemplate\":\"https:\/\/einbruch-sicher.com\/cleverlueften\/?s={search_term_string}\"},\"query-input\":\"required name=search_term_string\"}],\"inLanguage\":\"de\"}]}<\/script>\n<!-- \/ Yoast SEO plugin. -->","yoast_head_json":{"title":"WINFLIP - Einbruchsgefahr minimieren","description":"Einbruch minimieren, Energie sparen, Barrierefreiheit, Pflegeerleichterung, clever-lueften, cleverlueften, winflip","robots":{"index":"index","follow":"follow","max-snippet":"max-snippet:-1","max-image-preview":"max-image-preview:large","max-video-preview":"max-video-preview:-1"},"canonical":"https:\/\/einbruch-sicher.com\/cleverlueften\/ist-winflip\/einbruchsgefahr-minimieren\/","og_locale":"de_DE","og_type":"article","og_title":"WINFLIP - Einbruchsgefahr minimieren","og_description":"Einbruch minimieren, Energie sparen, Barrierefreiheit, Pflegeerleichterung, clever-lueften, cleverlueften, winflip","og_url":"https:\/\/einbruch-sicher.com\/cleverlueften\/ist-winflip\/einbruchsgefahr-minimieren\/","og_site_name":"WINFLIP","og_image":[{"url":"http:\/\/einbruch-sicher.com\/cleverlueften\/wp-content\/uploads\/sites\/4\/2014\/08\/image-3.jpg"}],"twitter_card":"summary_large_image","twitter_misc":{"Gesch\u00e4tzte Lesezeit":"1\u00a0Minute"},"schema":{"@context":"https:\/\/schema.org","@graph":[{"@type":"WebPage","@id":"https:\/\/einbruch-sicher.com\/cleverlueften\/ist-winflip\/einbruchsgefahr-minimieren\/","url":"https:\/\/einbruch-sicher.com\/cleverlueften\/ist-winflip\/einbruchsgefahr-minimieren\/","name":"WINFLIP - Einbruchsgefahr minimieren","isPartOf":{"@id":"https:\/\/einbruch-sicher.com\/cleverlueften\/#website"},"datePublished":"2014-08-05T12:10:38+00:00","dateModified":"2014-08-05T12:10:38+00:00","description":"Einbruch minimieren, Energie sparen, Barrierefreiheit, Pflegeerleichterung, clever-lueften, cleverlueften, winflip","breadcrumb":{"@id":"https:\/\/einbruch-sicher.com\/cleverlueften\/ist-winflip\/einbruchsgefahr-minimieren\/#breadcrumb"},"inLanguage":"de","potentialAction":[{"@type":"ReadAction","target":["https:\/\/einbruch-sicher.com\/cleverlueften\/ist-winflip\/einbruchsgefahr-minimieren\/"]}]},{"@type":"BreadcrumbList","@id":"https:\/\/einbruch-sicher.com\/cleverlueften\/ist-winflip\/einbruchsgefahr-minimieren\/#breadcrumb","itemListElement":[{"@type":"ListItem","position":1,"name":"Home","item":"https:\/\/einbruch-sicher.com\/cleverlueften\/"},{"@type":"ListItem","position":2,"name":"Was ist WINFLIP","item":"https:\/\/einbruch-sicher.com\/cleverlueften\/ist-winflip\/"},{"@type":"ListItem","position":3,"name":"Einbruchsgefahr minimieren"}]},{"@type":"WebSite","@id":"https:\/\/einbruch-sicher.com\/cleverlueften\/#website","url":"https:\/\/einbruch-sicher.com\/cleverlueften\/","name":"WINFLIP","description":"Frische Luft mit nur einem Zug \u2013 ohne Strom!","potentialAction":[{"@type":"SearchAction","target":{"@type":"EntryPoint","urlTemplate":"https:\/\/einbruch-sicher.com\/cleverlueften\/?s={search_term_string}"},"query-input":"required name=search_term_string"}],"inLanguage":"de"}]}},"_links":{"self":[{"href":"https:\/\/einbruch-sicher.com\/cleverlueften\/wp-json\/wp\/v2\/pages\/723"}],"collection":[{"href":"https:\/\/einbruch-sicher.com\/cleverlueften\/wp-json\/wp\/v2\/pages"}],"about":[{"href":"https:\/\/einbruch-sicher.com\/cleverlueften\/wp-json\/wp\/v2\/types\/page"}],"author":[{"embeddable":true,"href":"https:\/\/einbruch-sicher.com\/cleverlueften\/wp-json\/wp\/v2\/users\/1"}],"replies":[{"embeddable":true,"href":"https:\/\/einbruch-sicher.com\/cleverlueften\/wp-json\/wp\/v2\/comments?post=723"}],"version-history":[{"count":0,"href":"https:\/\/einbruch-sicher.com\/cleverlueften\/wp-json\/wp\/v2\/pages\/723\/revisions"}],"up":[{"embeddable":true,"href":"https:\/\/einbruch-sicher.com\/cleverlueften\/wp-json\/wp\/v2\/pages\/113"}],"wp:attachment":[{"href":"https:\/\/einbruch-sicher.com\/cleverlueften\/wp-json\/wp\/v2\/media?parent=723"}],"curies":[{"name":"wp","href":"https:\/\/api.w.org\/{rel}","templated":true}]}}