{"id":698,"date":"2014-08-05T13:32:11","date_gmt":"2014-08-05T11:32:11","guid":{"rendered":"http:\/\/cleverlueften.com\/?page_id=698"},"modified":"2016-04-28T15:12:45","modified_gmt":"2016-04-28T13:12:45","slug":"barrierefreies-lueften","status":"publish","type":"page","link":"https:\/\/einbruch-sicher.com\/cleverlueften\/ist-winflip\/barrierefreies-lueften\/","title":{"rendered":"Barrierefreies L\u00fcften"},"content":{"rendered":"[vc_row][vc_column][vc_custom_heading text=&#8220;Barrierefreiheiheit jetzt endlich auch beim L\u00fcften&#8220; use_theme_fonts=&#8220;yes&#8220;][vc_column_text]<a href=\"http:\/\/einbruch-sicher.com\/cleverlueften\/ist-winflip\/barrierefreies-lueften\/\"><img decoding=\"async\" loading=\"lazy\" class=\"alignnone size-full wp-image-701\" src=\"http:\/\/einbruch-sicher.com\/cleverlueften\/wp-content\/uploads\/sites\/4\/2014\/08\/image-2.jpg\" alt=\"filmsymbol\" width=\"30\" height=\"27\" \/><\/a>\u00a0\u00a0Unser Tipp:<br \/>\nWerfen Sie einen Blick auf unseren\u00a0<a href=\"http:\/\/einbruch-sicher.com\/cleverlueften\/ist-winflip\/barrierefreies-lueften\/\">Film<\/a>\u00a0(dauert nur 2 Minuten)[\/vc_column_text][\/vc_column][\/vc_row][vc_row][vc_column][vc_empty_space][vc_custom_heading text=&#8220;Selbstst\u00e4ndig und schmerzfrei l\u00fcften bis ins hohe Alter&#8220; font_container=&#8220;tag:h6|text_align:left&#8220; use_theme_fonts=&#8220;yes&#8220;][\/vc_column][\/vc_row][vc_row][vc_column width=&#8220;1\/2&#8243;][vc_single_image image=&#8220;699&#8243; img_size=&#8220;medium&#8220;][\/vc_column][vc_column width=&#8220;1\/2&#8243;][vc_single_image image=&#8220;682&#8243; img_size=&#8220;large&#8220;][\/vc_column][\/vc_row][vc_row][vc_column][vc_column_text]Haben Sie es satt, beim L\u00fcften auf fremde Hilfe angewiesen zu sein?<br \/>\nDann sind Sie bei WINFLIP\u00a0\u2013 dem automatischen Fensterschlie\u00dfer ohne Stromanschluss genau richtig.<\/p>\n<p>Denn mit WINFLIP\u00a0k\u00f6nnen Menschen auch vom Rollstuhl aus mit einem einfachen Zug l\u00fcften \u2013 schmerzfrei und ohne fremde Hilfe. Mit dem speziellen Reha-Ergogriff geht das sogar bis ins hohe Alter einfach und auch schmerzfrei. Zus\u00e4tzlich werden ausgek\u00fchlte R\u00e4ume vermieden, enorm viel Heizkosten gespart und die Einbruchsgefahr wird minimiert. Winflip schenkt Unabh\u00e4ngigkeit f\u00fcr alle Menschen, die sich noch selbst zum Fenster bewegen k\u00f6nnen. Und f\u00fcr Menschen, die gepflegt werden bringt WINFLIP\u00a0gezielt frische Luft und beseitigt Ger\u00fcche, denn der einfache Zug an der WINFLIP-Leine geht nebenbei und kostet der Pflegekraft keine Zeit. Sicher geschlossen und verriegelt wird das Fenster sp\u00e4ter von WINFLIP, da braucht die Pflegekraft nicht mehr anwesend zu sein.<\/p>\n<p>Bereits ab Pflegestufe \u201e0\u201c werden die Kosten in der Regel zu 100% von den Pflegeversicherungen \u00fcbernommen!<br \/>\nSiehe die Kurzinfo hier:\u00a0<a title=\"Paragraph \u00a740\" href=\"http:\/\/einbruch-sicher.com\/cleverlueften\/wp-content\/uploads\/sites\/4\/2014\/09\/Wohnumfeldverbessernde_massnahmen_paragraph_40.pdf\">Paragraph \u00a740<\/a>\u00a0oder online unter:\u00a0<a title=\"sozialversicherung-kompetent.de\" href=\"http:\/\/sozialversicherung-kompetent.de\/20090117201\/pflegeversicherung\/leistungsrecht-gpv\/wohnumfeldverbessernde-massnahmen\" target=\"_blank\">http:\/\/sozialversicherung-kompetent.de<\/a><\/p>\n<p><strong>WINFLIP k\u00f6nnen Sie\u00a0<a title=\"Hier im Shop\" href=\"http:\/\/falzalarm.de\/shop\/\">hier im Shop<\/a>\u00a0bequem per Rechnung bestellen.<\/strong><\/p>\n<h2><\/h2>\n[\/vc_column_text][\/vc_column][\/vc_row]\n","protected":false},"excerpt":{"rendered":"<p>[vc_row][vc_column][vc_custom_heading text=&#8220;Barrierefreiheiheit jetzt endlich auch beim L\u00fcften&#8220; use_theme_fonts=&#8220;yes&#8220;][vc_column_text]\u00a0\u00a0Unser Tipp:<br \/>\nWerfen Sie einen Blick auf unseren\u00a0Film\u00a0(dauert nur 2 Minuten)[\/vc_column_text][\/vc_column][\/vc_row][vc_row][vc_column][vc_empty_space][vc_custom_heading text=&#8220;Selbstst\u00e4ndig und schmerzfrei l\u00fcften bis ins hohe Alter&#8220; font_container=&#8220;tag:h6|text_align:left&#8220; use_theme_fonts=&#8220;yes&#8220;][\/vc_column][\/vc_row][vc_row][vc_column width=&#8220;1\/2&#8243;][vc_single_image image=&#8220;699&#8243; img_size=&#8220;medium&#8220;][\/vc_column][vc_column width=&#8220;1\/2&#8243;][vc_single_image image=&#8220;682&#8243; img_size=&#8220;large&#8220;][\/vc_column][\/vc_row][vc_row][vc_column][vc_column_text]Haben Sie es satt, beim L\u00fcften auf fremde Hilfe angewiesen zu sein?<br \/>\nDann sind Sie bei WINFLIP\u00a0\u2013 dem automatischen Fensterschlie\u00dfer ohne Stromanschluss genau richtig.<br \/>\nDenn mit WINFLIP\u00a0k\u00f6nnen Menschen auch vom Rollstuhl aus mit einem einfachen Zug l\u00fcften \u2013 schmerzfrei und ohne fremde Hilfe. Mit dem speziellen Reha-Ergogriff &#8230;<\/p>\n","protected":false},"author":1,"featured_media":0,"parent":113,"menu_order":0,"comment_status":"closed","ping_status":"closed","template":"template_leftnav.php","meta":[],"yoast_head":"<!-- This site is optimized with the Yoast SEO plugin v20.4 - https:\/\/yoast.com\/wordpress\/plugins\/seo\/ -->\n<title>WINFLIP - Barrierefreies L\u00fcften<\/title>\n<meta name=\"description\" content=\"Barrierefreies L\u00fcften, Einbruch minimieren, Energie sparen, Barrierefreiheit, Pflegeerleichterung, clever-lueften, cleverlueften, winflip\" \/>\n<meta name=\"robots\" content=\"index, follow, max-snippet:-1, max-image-preview:large, max-video-preview:-1\" \/>\n<link rel=\"canonical\" href=\"https:\/\/einbruch-sicher.com\/cleverlueften\/ist-winflip\/barrierefreies-lueften\/\" \/>\n<meta property=\"og:locale\" content=\"de_DE\" \/>\n<meta property=\"og:type\" content=\"article\" \/>\n<meta property=\"og:title\" content=\"WINFLIP - Barrierefreies L\u00fcften\" \/>\n<meta property=\"og:description\" content=\"Barrierefreies L\u00fcften, Einbruch minimieren, Energie sparen, Barrierefreiheit, Pflegeerleichterung, clever-lueften, cleverlueften, winflip\" \/>\n<meta property=\"og:url\" content=\"https:\/\/einbruch-sicher.com\/cleverlueften\/ist-winflip\/barrierefreies-lueften\/\" \/>\n<meta property=\"og:site_name\" content=\"WINFLIP\" \/>\n<meta property=\"article:modified_time\" content=\"2016-04-28T13:12:45+00:00\" \/>\n<meta property=\"og:image\" content=\"http:\/\/einbruch-sicher.com\/cleverlueften\/wp-content\/uploads\/sites\/4\/2014\/08\/image-2.jpg\" \/>\n<meta name=\"twitter:card\" content=\"summary_large_image\" \/>\n<meta name=\"twitter:label1\" content=\"Gesch\u00e4tzte Lesezeit\" \/>\n\t<meta name=\"twitter:data1\" content=\"2\u00a0Minuten\" \/>\n<script type=\"application\/ld+json\" class=\"yoast-schema-graph\">{\"@context\":\"https:\/\/schema.org\",\"@graph\":[{\"@type\":\"WebPage\",\"@id\":\"https:\/\/einbruch-sicher.com\/cleverlueften\/ist-winflip\/barrierefreies-lueften\/\",\"url\":\"https:\/\/einbruch-sicher.com\/cleverlueften\/ist-winflip\/barrierefreies-lueften\/\",\"name\":\"WINFLIP - Barrierefreies L\u00fcften\",\"isPartOf\":{\"@id\":\"https:\/\/einbruch-sicher.com\/cleverlueften\/#website\"},\"datePublished\":\"2014-08-05T11:32:11+00:00\",\"dateModified\":\"2016-04-28T13:12:45+00:00\",\"description\":\"Barrierefreies L\u00fcften, Einbruch minimieren, Energie sparen, Barrierefreiheit, Pflegeerleichterung, clever-lueften, cleverlueften, winflip\",\"breadcrumb\":{\"@id\":\"https:\/\/einbruch-sicher.com\/cleverlueften\/ist-winflip\/barrierefreies-lueften\/#breadcrumb\"},\"inLanguage\":\"de\",\"potentialAction\":[{\"@type\":\"ReadAction\",\"target\":[\"https:\/\/einbruch-sicher.com\/cleverlueften\/ist-winflip\/barrierefreies-lueften\/\"]}]},{\"@type\":\"BreadcrumbList\",\"@id\":\"https:\/\/einbruch-sicher.com\/cleverlueften\/ist-winflip\/barrierefreies-lueften\/#breadcrumb\",\"itemListElement\":[{\"@type\":\"ListItem\",\"position\":1,\"name\":\"Home\",\"item\":\"https:\/\/einbruch-sicher.com\/cleverlueften\/\"},{\"@type\":\"ListItem\",\"position\":2,\"name\":\"Was ist WINFLIP\",\"item\":\"https:\/\/einbruch-sicher.com\/cleverlueften\/ist-winflip\/\"},{\"@type\":\"ListItem\",\"position\":3,\"name\":\"Barrierefreies L\u00fcften\"}]},{\"@type\":\"WebSite\",\"@id\":\"https:\/\/einbruch-sicher.com\/cleverlueften\/#website\",\"url\":\"https:\/\/einbruch-sicher.com\/cleverlueften\/\",\"name\":\"WINFLIP\",\"description\":\"Frische Luft mit nur einem Zug \u2013 ohne Strom!\",\"potentialAction\":[{\"@type\":\"SearchAction\",\"target\":{\"@type\":\"EntryPoint\",\"urlTemplate\":\"https:\/\/einbruch-sicher.com\/cleverlueften\/?s={search_term_string}\"},\"query-input\":\"required name=search_term_string\"}],\"inLanguage\":\"de\"}]}<\/script>\n<!-- \/ Yoast SEO plugin. -->","yoast_head_json":{"title":"WINFLIP - Barrierefreies L\u00fcften","description":"Barrierefreies L\u00fcften, Einbruch minimieren, Energie sparen, Barrierefreiheit, Pflegeerleichterung, clever-lueften, cleverlueften, winflip","robots":{"index":"index","follow":"follow","max-snippet":"max-snippet:-1","max-image-preview":"max-image-preview:large","max-video-preview":"max-video-preview:-1"},"canonical":"https:\/\/einbruch-sicher.com\/cleverlueften\/ist-winflip\/barrierefreies-lueften\/","og_locale":"de_DE","og_type":"article","og_title":"WINFLIP - Barrierefreies L\u00fcften","og_description":"Barrierefreies L\u00fcften, Einbruch minimieren, Energie sparen, Barrierefreiheit, Pflegeerleichterung, clever-lueften, cleverlueften, winflip","og_url":"https:\/\/einbruch-sicher.com\/cleverlueften\/ist-winflip\/barrierefreies-lueften\/","og_site_name":"WINFLIP","article_modified_time":"2016-04-28T13:12:45+00:00","og_image":[{"url":"http:\/\/einbruch-sicher.com\/cleverlueften\/wp-content\/uploads\/sites\/4\/2014\/08\/image-2.jpg"}],"twitter_card":"summary_large_image","twitter_misc":{"Gesch\u00e4tzte Lesezeit":"2\u00a0Minuten"},"schema":{"@context":"https:\/\/schema.org","@graph":[{"@type":"WebPage","@id":"https:\/\/einbruch-sicher.com\/cleverlueften\/ist-winflip\/barrierefreies-lueften\/","url":"https:\/\/einbruch-sicher.com\/cleverlueften\/ist-winflip\/barrierefreies-lueften\/","name":"WINFLIP - Barrierefreies L\u00fcften","isPartOf":{"@id":"https:\/\/einbruch-sicher.com\/cleverlueften\/#website"},"datePublished":"2014-08-05T11:32:11+00:00","dateModified":"2016-04-28T13:12:45+00:00","description":"Barrierefreies L\u00fcften, Einbruch minimieren, Energie sparen, Barrierefreiheit, Pflegeerleichterung, clever-lueften, cleverlueften, winflip","breadcrumb":{"@id":"https:\/\/einbruch-sicher.com\/cleverlueften\/ist-winflip\/barrierefreies-lueften\/#breadcrumb"},"inLanguage":"de","potentialAction":[{"@type":"ReadAction","target":["https:\/\/einbruch-sicher.com\/cleverlueften\/ist-winflip\/barrierefreies-lueften\/"]}]},{"@type":"BreadcrumbList","@id":"https:\/\/einbruch-sicher.com\/cleverlueften\/ist-winflip\/barrierefreies-lueften\/#breadcrumb","itemListElement":[{"@type":"ListItem","position":1,"name":"Home","item":"https:\/\/einbruch-sicher.com\/cleverlueften\/"},{"@type":"ListItem","position":2,"name":"Was ist WINFLIP","item":"https:\/\/einbruch-sicher.com\/cleverlueften\/ist-winflip\/"},{"@type":"ListItem","position":3,"name":"Barrierefreies L\u00fcften"}]},{"@type":"WebSite","@id":"https:\/\/einbruch-sicher.com\/cleverlueften\/#website","url":"https:\/\/einbruch-sicher.com\/cleverlueften\/","name":"WINFLIP","description":"Frische Luft mit nur einem Zug \u2013 ohne Strom!","potentialAction":[{"@type":"SearchAction","target":{"@type":"EntryPoint","urlTemplate":"https:\/\/einbruch-sicher.com\/cleverlueften\/?s={search_term_string}"},"query-input":"required name=search_term_string"}],"inLanguage":"de"}]}},"_links":{"self":[{"href":"https:\/\/einbruch-sicher.com\/cleverlueften\/wp-json\/wp\/v2\/pages\/698"}],"collection":[{"href":"https:\/\/einbruch-sicher.com\/cleverlueften\/wp-json\/wp\/v2\/pages"}],"about":[{"href":"https:\/\/einbruch-sicher.com\/cleverlueften\/wp-json\/wp\/v2\/types\/page"}],"author":[{"embeddable":true,"href":"https:\/\/einbruch-sicher.com\/cleverlueften\/wp-json\/wp\/v2\/users\/1"}],"replies":[{"embeddable":true,"href":"https:\/\/einbruch-sicher.com\/cleverlueften\/wp-json\/wp\/v2\/comments?post=698"}],"version-history":[{"count":0,"href":"https:\/\/einbruch-sicher.com\/cleverlueften\/wp-json\/wp\/v2\/pages\/698\/revisions"}],"up":[{"embeddable":true,"href":"https:\/\/einbruch-sicher.com\/cleverlueften\/wp-json\/wp\/v2\/pages\/113"}],"wp:attachment":[{"href":"https:\/\/einbruch-sicher.com\/cleverlueften\/wp-json\/wp\/v2\/media?parent=698"}],"curies":[{"name":"wp","href":"https:\/\/api.w.org\/{rel}","templated":true}]}}